{"id":99,"date":"2015-04-23T12:38:18","date_gmt":"2015-04-23T12:38:18","guid":{"rendered":"http:\/\/xml-io.proteusthemes.com\/cargopress\/?page_id=99"},"modified":"2016-09-30T15:22:27","modified_gmt":"2016-09-30T14:22:27","slug":"cargo","status":"publish","type":"page","link":"https:\/\/www.arkteos.com\/index.php\/accueil\/cargo\/","title":{"rendered":"Confort"},"content":{"rendered":"<div id=\"pl-99\"  class=\"panel-layout\" ><div id=\"pg-99-0\"  class=\"panel-grid panel-no-style\" ><div id=\"pgc-99-0-0\"  class=\"panel-grid-cell\" ><div id=\"panel-99-0-0-0\" class=\"so-panel widget widget_black-studio-tinymce widget_black_studio_tinymce panel-first-child panel-last-child\" data-index=\"0\" ><div class=\"textwidget\"><p>Depuis la cr\u00e9ation de notre entreprise, notre service Recherche &amp; D\u00e9veloppement s'efforce de vous garantir un confort optimum. Ses efforts se concentrent principalement sur les axes suivants :<\/p><ul><li><p>une grande souplesse et facilit\u00e9 d'utilisation pour que vos PAC vous laissent libre et serein,<\/p><\/li><li><p>un syst\u00e8me de chaleur modul\u00e9e pour que la temp\u00e9rature de vos espaces de vie soit toujours adapt\u00e9e \u00e0 vos besoins,<\/p><\/li><li><p>des pompes \u00e0 chaleur les plus silencieuses possible pour vous apporter tout le confort sans aucune nuisance sonore.<\/p><\/li><\/ul><\/div><\/div><\/div><div id=\"pgc-99-0-1\"  class=\"panel-grid-cell\" ><div id=\"panel-99-0-1-0\" class=\"so-panel widget widget_black-studio-tinymce widget_black_studio_tinymce panel-first-child panel-last-child\" data-index=\"1\" ><div class=\"textwidget\"><p>&nbsp;<\/p>\n<p><a href=\"https:\/\/www.arkteos.com\/wp-content\/uploads\/2015\/04\/femme-allongee.jpg\"><img loading=\"lazy\" decoding=\"async\" class=\" wp-image-499\" src=\"https:\/\/www.arkteos.com\/wp-content\/uploads\/2015\/04\/femme-allongee-300x94.jpg\" alt=\"Young girl is lying by a white heater\" width=\"721\" height=\"226\" srcset=\"https:\/\/www.arkteos.com\/wp-content\/uploads\/2015\/04\/femme-allongee-300x94.jpg 300w, https:\/\/www.arkteos.com\/wp-content\/uploads\/2015\/04\/femme-allongee-1024x320.jpg 1024w, https:\/\/www.arkteos.com\/wp-content\/uploads\/2015\/04\/femme-allongee.jpg 1330w\" sizes=\"auto, (max-width: 721px) 100vw, 721px\" \/><\/a><\/p>\n<\/div><\/div><\/div><\/div><\/div>","protected":false},"excerpt":{"rendered":"<p>Depuis la cr\u00e9ation de notre entreprise, notre service Recherche &amp; D\u00e9veloppement s&rsquo;efforce de vous garantir un confort optimum. Ses efforts se concentrent principalement sur les axes suivants :une grande souplesse et facilit\u00e9 d&rsquo;utilisation pour que vos PAC vous laissent libre et serein,un syst\u00e8me de chaleur modul\u00e9e pour que la temp\u00e9rature de vos espaces de vie [&hellip;]<\/p>\n","protected":false},"author":1,"featured_media":562,"parent":4775,"menu_order":0,"comment_status":"closed","ping_status":"open","template":"","meta":{"_acf_changed":false,"_exactmetrics_skip_tracking":false,"_exactmetrics_sitenote_active":false,"_exactmetrics_sitenote_note":"","_exactmetrics_sitenote_category":0,"footnotes":""},"class_list":["post-99","page","type-page","status-publish","has-post-thumbnail","hentry","post","post-with-thumbnail","post-with-thumbnail-large"],"acf":[],"yoast_head":"<!-- This site is optimized with the Yoast SEO plugin v26.0 - https:\/\/yoast.com\/wordpress\/plugins\/seo\/ -->\n<title>Confort - ARKTEOS<\/title>\n<meta name=\"robots\" content=\"noindex, follow\" \/>\n<meta property=\"og:locale\" content=\"fr_FR\" \/>\n<meta property=\"og:type\" content=\"article\" \/>\n<meta property=\"og:title\" content=\"Confort - ARKTEOS\" \/>\n<meta property=\"og:description\" content=\"Depuis la cr\u00e9ation de notre entreprise, notre service Recherche &amp; D\u00e9veloppement s&#039;efforce de vous garantir un confort optimum. Ses efforts se concentrent principalement sur les axes suivants :une grande souplesse et facilit\u00e9 d&#039;utilisation pour que vos PAC vous laissent libre et serein,un syst\u00e8me de chaleur modul\u00e9e pour que la temp\u00e9rature de vos espaces de vie [&hellip;]\" \/>\n<meta property=\"og:url\" content=\"https:\/\/www.arkteos.com\/index.php\/accueil\/accueil__trashed\/cargo\/\" \/>\n<meta property=\"og:site_name\" content=\"ARKTEOS\" \/>\n<meta property=\"article:publisher\" content=\"https:\/\/www.linkedin.com\/company\/26433823\/\" \/>\n<meta property=\"article:modified_time\" content=\"2016-09-30T14:22:27+00:00\" \/>\n<meta property=\"og:image\" content=\"https:\/\/www.arkteos.com\/wp-content\/uploads\/2015\/04\/confort.jpg\" \/>\n\t<meta property=\"og:image:width\" content=\"360\" \/>\n\t<meta property=\"og:image:height\" content=\"240\" \/>\n\t<meta property=\"og:image:type\" content=\"image\/jpeg\" \/>\n<meta name=\"twitter:card\" content=\"summary_large_image\" \/>\n<script type=\"application\/ld+json\" class=\"yoast-schema-graph\">{\"@context\":\"https:\/\/schema.org\",\"@graph\":[{\"@type\":\"WebPage\",\"@id\":\"https:\/\/www.arkteos.com\/index.php\/accueil\/accueil__trashed\/cargo\/\",\"url\":\"https:\/\/www.arkteos.com\/index.php\/accueil\/accueil__trashed\/cargo\/\",\"name\":\"Confort - ARKTEOS\",\"isPartOf\":{\"@id\":\"https:\/\/www.arkteos.com\/#website\"},\"primaryImageOfPage\":{\"@id\":\"https:\/\/www.arkteos.com\/index.php\/accueil\/accueil__trashed\/cargo\/#primaryimage\"},\"image\":{\"@id\":\"https:\/\/www.arkteos.com\/index.php\/accueil\/accueil__trashed\/cargo\/#primaryimage\"},\"thumbnailUrl\":\"https:\/\/www.arkteos.com\/wp-content\/uploads\/2015\/04\/confort.jpg\",\"datePublished\":\"2015-04-23T12:38:18+00:00\",\"dateModified\":\"2016-09-30T14:22:27+00:00\",\"breadcrumb\":{\"@id\":\"https:\/\/www.arkteos.com\/index.php\/accueil\/accueil__trashed\/cargo\/#breadcrumb\"},\"inLanguage\":\"fr-FR\",\"potentialAction\":[{\"@type\":\"ReadAction\",\"target\":[\"https:\/\/www.arkteos.com\/index.php\/accueil\/accueil__trashed\/cargo\/\"]}]},{\"@type\":\"ImageObject\",\"inLanguage\":\"fr-FR\",\"@id\":\"https:\/\/www.arkteos.com\/index.php\/accueil\/accueil__trashed\/cargo\/#primaryimage\",\"url\":\"https:\/\/www.arkteos.com\/wp-content\/uploads\/2015\/04\/confort.jpg\",\"contentUrl\":\"https:\/\/www.arkteos.com\/wp-content\/uploads\/2015\/04\/confort.jpg\",\"width\":360,\"height\":240,\"caption\":\"Young girl is lying by a white heater\"},{\"@type\":\"BreadcrumbList\",\"@id\":\"https:\/\/www.arkteos.com\/index.php\/accueil\/accueil__trashed\/cargo\/#breadcrumb\",\"itemListElement\":[{\"@type\":\"ListItem\",\"position\":1,\"name\":\"Accueil\",\"item\":\"https:\/\/www.arkteos.com\/\"},{\"@type\":\"ListItem\",\"position\":2,\"name\":\"Accueil\",\"item\":\"https:\/\/www.arkteos.com\/\"},{\"@type\":\"ListItem\",\"position\":3,\"name\":\"Confort\"}]},{\"@type\":\"WebSite\",\"@id\":\"https:\/\/www.arkteos.com\/#website\",\"url\":\"https:\/\/www.arkteos.com\/\",\"name\":\"ARKTEOS\",\"description\":\"FABRICANT FRANCAIS DE POMPE A CHALEUR\",\"publisher\":{\"@id\":\"https:\/\/www.arkteos.com\/#organization\"},\"potentialAction\":[{\"@type\":\"SearchAction\",\"target\":{\"@type\":\"EntryPoint\",\"urlTemplate\":\"https:\/\/www.arkteos.com\/?s={search_term_string}\"},\"query-input\":{\"@type\":\"PropertyValueSpecification\",\"valueRequired\":true,\"valueName\":\"search_term_string\"}}],\"inLanguage\":\"fr-FR\"},{\"@type\":\"Organization\",\"@id\":\"https:\/\/www.arkteos.com\/#organization\",\"name\":\"ARKTEOS\",\"url\":\"https:\/\/www.arkteos.com\/\",\"logo\":{\"@type\":\"ImageObject\",\"inLanguage\":\"fr-FR\",\"@id\":\"https:\/\/www.arkteos.com\/#\/schema\/logo\/image\/\",\"url\":\"https:\/\/www.arkteos.com\/wp-content\/uploads\/2025\/09\/cropped-Logo_Arkteos_03.png\",\"contentUrl\":\"https:\/\/www.arkteos.com\/wp-content\/uploads\/2025\/09\/cropped-Logo_Arkteos_03.png\",\"width\":400,\"height\":200,\"caption\":\"ARKTEOS\"},\"image\":{\"@id\":\"https:\/\/www.arkteos.com\/#\/schema\/logo\/image\/\"},\"sameAs\":[\"https:\/\/www.linkedin.com\/company\/26433823\/\"]}]}<\/script>\n<!-- \/ Yoast SEO plugin. -->","yoast_head_json":{"title":"Confort - ARKTEOS","robots":{"index":"noindex","follow":"follow"},"og_locale":"fr_FR","og_type":"article","og_title":"Confort - ARKTEOS","og_description":"Depuis la cr\u00e9ation de notre entreprise, notre service Recherche &amp; D\u00e9veloppement s'efforce de vous garantir un confort optimum. Ses efforts se concentrent principalement sur les axes suivants :une grande souplesse et facilit\u00e9 d'utilisation pour que vos PAC vous laissent libre et serein,un syst\u00e8me de chaleur modul\u00e9e pour que la temp\u00e9rature de vos espaces de vie [&hellip;]","og_url":"https:\/\/www.arkteos.com\/index.php\/accueil\/accueil__trashed\/cargo\/","og_site_name":"ARKTEOS","article_publisher":"https:\/\/www.linkedin.com\/company\/26433823\/","article_modified_time":"2016-09-30T14:22:27+00:00","og_image":[{"width":360,"height":240,"url":"https:\/\/www.arkteos.com\/wp-content\/uploads\/2015\/04\/confort.jpg","type":"image\/jpeg"}],"twitter_card":"summary_large_image","schema":{"@context":"https:\/\/schema.org","@graph":[{"@type":"WebPage","@id":"https:\/\/www.arkteos.com\/index.php\/accueil\/accueil__trashed\/cargo\/","url":"https:\/\/www.arkteos.com\/index.php\/accueil\/accueil__trashed\/cargo\/","name":"Confort - ARKTEOS","isPartOf":{"@id":"https:\/\/www.arkteos.com\/#website"},"primaryImageOfPage":{"@id":"https:\/\/www.arkteos.com\/index.php\/accueil\/accueil__trashed\/cargo\/#primaryimage"},"image":{"@id":"https:\/\/www.arkteos.com\/index.php\/accueil\/accueil__trashed\/cargo\/#primaryimage"},"thumbnailUrl":"https:\/\/www.arkteos.com\/wp-content\/uploads\/2015\/04\/confort.jpg","datePublished":"2015-04-23T12:38:18+00:00","dateModified":"2016-09-30T14:22:27+00:00","breadcrumb":{"@id":"https:\/\/www.arkteos.com\/index.php\/accueil\/accueil__trashed\/cargo\/#breadcrumb"},"inLanguage":"fr-FR","potentialAction":[{"@type":"ReadAction","target":["https:\/\/www.arkteos.com\/index.php\/accueil\/accueil__trashed\/cargo\/"]}]},{"@type":"ImageObject","inLanguage":"fr-FR","@id":"https:\/\/www.arkteos.com\/index.php\/accueil\/accueil__trashed\/cargo\/#primaryimage","url":"https:\/\/www.arkteos.com\/wp-content\/uploads\/2015\/04\/confort.jpg","contentUrl":"https:\/\/www.arkteos.com\/wp-content\/uploads\/2015\/04\/confort.jpg","width":360,"height":240,"caption":"Young girl is lying by a white heater"},{"@type":"BreadcrumbList","@id":"https:\/\/www.arkteos.com\/index.php\/accueil\/accueil__trashed\/cargo\/#breadcrumb","itemListElement":[{"@type":"ListItem","position":1,"name":"Accueil","item":"https:\/\/www.arkteos.com\/"},{"@type":"ListItem","position":2,"name":"Accueil","item":"https:\/\/www.arkteos.com\/"},{"@type":"ListItem","position":3,"name":"Confort"}]},{"@type":"WebSite","@id":"https:\/\/www.arkteos.com\/#website","url":"https:\/\/www.arkteos.com\/","name":"ARKTEOS","description":"FABRICANT FRANCAIS DE POMPE A CHALEUR","publisher":{"@id":"https:\/\/www.arkteos.com\/#organization"},"potentialAction":[{"@type":"SearchAction","target":{"@type":"EntryPoint","urlTemplate":"https:\/\/www.arkteos.com\/?s={search_term_string}"},"query-input":{"@type":"PropertyValueSpecification","valueRequired":true,"valueName":"search_term_string"}}],"inLanguage":"fr-FR"},{"@type":"Organization","@id":"https:\/\/www.arkteos.com\/#organization","name":"ARKTEOS","url":"https:\/\/www.arkteos.com\/","logo":{"@type":"ImageObject","inLanguage":"fr-FR","@id":"https:\/\/www.arkteos.com\/#\/schema\/logo\/image\/","url":"https:\/\/www.arkteos.com\/wp-content\/uploads\/2025\/09\/cropped-Logo_Arkteos_03.png","contentUrl":"https:\/\/www.arkteos.com\/wp-content\/uploads\/2025\/09\/cropped-Logo_Arkteos_03.png","width":400,"height":200,"caption":"ARKTEOS"},"image":{"@id":"https:\/\/www.arkteos.com\/#\/schema\/logo\/image\/"},"sameAs":["https:\/\/www.linkedin.com\/company\/26433823\/"]}]}},"_links":{"self":[{"href":"https:\/\/www.arkteos.com\/index.php\/wp-json\/wp\/v2\/pages\/99","targetHints":{"allow":["GET"]}}],"collection":[{"href":"https:\/\/www.arkteos.com\/index.php\/wp-json\/wp\/v2\/pages"}],"about":[{"href":"https:\/\/www.arkteos.com\/index.php\/wp-json\/wp\/v2\/types\/page"}],"author":[{"embeddable":true,"href":"https:\/\/www.arkteos.com\/index.php\/wp-json\/wp\/v2\/users\/1"}],"replies":[{"embeddable":true,"href":"https:\/\/www.arkteos.com\/index.php\/wp-json\/wp\/v2\/comments?post=99"}],"version-history":[{"count":15,"href":"https:\/\/www.arkteos.com\/index.php\/wp-json\/wp\/v2\/pages\/99\/revisions"}],"predecessor-version":[{"id":1488,"href":"https:\/\/www.arkteos.com\/index.php\/wp-json\/wp\/v2\/pages\/99\/revisions\/1488"}],"up":[{"embeddable":true,"href":"https:\/\/www.arkteos.com\/index.php\/wp-json\/wp\/v2\/pages\/4775"}],"wp:featuredmedia":[{"embeddable":true,"href":"https:\/\/www.arkteos.com\/index.php\/wp-json\/wp\/v2\/media\/562"}],"wp:attachment":[{"href":"https:\/\/www.arkteos.com\/index.php\/wp-json\/wp\/v2\/media?parent=99"}],"curies":[{"name":"wp","href":"https:\/\/api.w.org\/{rel}","templated":true}]}}