{"id":967,"date":"2015-12-11T23:57:55","date_gmt":"2015-12-11T22:57:55","guid":{"rendered":"http:\/\/arkteos.com\/?page_id=967"},"modified":"2017-09-13T15:07:50","modified_gmt":"2017-09-13T14:07:50","slug":"innovations-techniques","status":"publish","type":"page","link":"https:\/\/www.arkteos.com\/index.php\/about-us\/innovations-techniques\/","title":{"rendered":"Innovations techniques"},"content":{"rendered":"<div id=\"pl-967\"  class=\"panel-layout\" ><div id=\"pg-967-0\"  class=\"panel-grid panel-no-style\" ><div id=\"pgc-967-0-0\"  class=\"panel-grid-cell\" ><div id=\"panel-967-0-0-0\" class=\"so-panel widget widget_black-studio-tinymce widget_black_studio_tinymce panel-first-child panel-last-child\" data-index=\"0\" ><div class=\"textwidget\"><h4>ARKTEOS, dans sa d\u00e9marche de conception accorde une place tr\u00e8s importante \u00e0 l\u2019innovation pour proposer des pompes \u00e0 chaleur performantes, fiables et connect\u00e9es. Associ\u00e9 \u00e0 un confort optimum, nos produits s'inscrivent naturellement dans l'air du temps et des nouvelles technologies.<\/h4>\n<\/div><\/div><\/div><\/div><div id=\"pg-967-1\"  class=\"panel-grid panel-no-style\" ><div id=\"pgc-967-1-0\"  class=\"panel-grid-cell\" ><div id=\"panel-967-1-0-0\" class=\"so-panel widget widget_black-studio-tinymce widget_black_studio_tinymce panel-first-child panel-last-child\" data-index=\"1\" ><h3 class=\"widget-title\"><span class=\"widget-title__inline\">L&rsquo;ECRAN TACTILE<\/span><\/h3><div class=\"textwidget\"><div>\n<h4>Un pilotage du bout des doigts<\/h4>\n<p>L\u2019\u00e9cran tactile et son interface graphique intuitive, vous permettent de g\u00e9rer les r\u00e9glages de votre PAC (disponible sur toutes nos gammes) et d\u2019avoir acc\u00e8s \u00e0 toutes les informations de fonctionnement et de consommation.<\/p>\n<p>D\u00e9velopp\u00e9 par notre d\u00e9partement Recherche &amp; D\u00e9veloppement, cette application comporte plusieurs menus qui permettent le r\u00e9glage et la visualisation des informations suivantes :<\/p>\n<ul>\n<li>Pr\u00e9f\u00e9rences et param\u00e9trages de l\u2019interface<\/li>\n<li>Consignes et temp\u00e9ratures souhait\u00e9es<\/li>\n<li>Programmation de plage de chauffage<\/li>\n<li>Visualisation de la consommation<\/li>\n<li>et bien d'autres donn\u00e9es...<\/li>\n<\/ul>\n<p><em>(Peut \u00eatre d\u00e9port\u00e9 en cas de besoin.)<\/em><\/p>\n<p><a href=\"http:\/\/arkteos.com\/wp-content\/uploads\/2015\/12\/ecran-tactile.jpg\"><img loading=\"lazy\" decoding=\"async\" class=\"alignnone wp-image-979 size-large\" src=\"https:\/\/www.arkteos.com\/wp-content\/uploads\/2015\/12\/ecran-tactile-1024x191.jpg\" alt=\"ecran tactile\" width=\"1024\" height=\"191\" srcset=\"https:\/\/www.arkteos.com\/wp-content\/uploads\/2015\/12\/ecran-tactile.jpg 1024w, https:\/\/www.arkteos.com\/wp-content\/uploads\/2015\/12\/ecran-tactile-300x56.jpg 300w\" sizes=\"auto, (max-width: 1024px) 100vw, 1024px\" \/><\/a><\/p>\n<\/div>\n<p><span style=\"border-radius: 2px; text-indent: 20px; width: auto; padding: 0px 4px 0px 0px; text-align: center; font: bold 11px\/20px 'Helvetica Neue',Helvetica,sans-serif; color: #ffffff; background: #bd081c  no-repeat scroll 3px 50% \/ 14px 14px; position: absolute; opacity: 1; z-index: 8675309; display: none; cursor: pointer; top: 357px; left: 20px;\">Enregistrer<\/span><\/p>\n<\/div><\/div><\/div><div id=\"pgc-967-1-1\"  class=\"panel-grid-cell\" ><div id=\"panel-967-1-1-0\" class=\"so-panel widget widget_black-studio-tinymce widget_black_studio_tinymce panel-first-child panel-last-child\" data-index=\"2\" ><h3 class=\"widget-title\"><span class=\"widget-title__inline\">LA PRISE EN MAIN \u00c0 DISTANCE<\/span><\/h3><div class=\"textwidget\"><h4>Une pompe \u00e0 chaleur (PAC) connect\u00e9e<\/h4>\n<p>Grace \u00e0 une connexion internet (disponible sur toutes nos gammes), nos PAC\u00a0 peuvent \u00eatre pilot\u00e9es \u00e0 distance depuis un ordinateur. Vous pourrez \u00e9teindre ou allumer votre PAC, g\u00e9rer les temp\u00e9ratures de chauffage, consulter la consommation...<\/p>\n<p>Cette connexion permet aussi un service de maintenance \u00e0 distance et un suivi plus pr\u00e9cis du fonctionnement de votre PAC.<\/p>\n<p>\u00a0<\/p>\n<p>\u00a0<\/p>\n<p><a href=\"http:\/\/arkteos.com\/wp-content\/uploads\/2015\/12\/Prise-en-main-a-distance.jpg\"><img loading=\"lazy\" decoding=\"async\" class=\"alignnone wp-image-983 size-large\" src=\"https:\/\/www.arkteos.com\/wp-content\/uploads\/2015\/12\/Prise-en-main-a-distance-1024x326.jpg\" alt=\"Prise en main a\u0300 distance\" width=\"1024\" height=\"326\" srcset=\"https:\/\/www.arkteos.com\/wp-content\/uploads\/2015\/12\/Prise-en-main-a-distance.jpg 1024w, https:\/\/www.arkteos.com\/wp-content\/uploads\/2015\/12\/Prise-en-main-a-distance-300x96.jpg 300w\" sizes=\"auto, (max-width: 1024px) 100vw, 1024px\" \/><\/a><\/p>\n<p>\u00a0<\/p>\n<p><span style=\"border-radius: 2px; text-indent: 20px; width: auto; padding: 0px 4px 0px 0px; text-align: center; font: bold 11px\/20px 'Helvetica Neue',Helvetica,sans-serif; color: #ffffff; background: #bd081c  no-repeat scroll 3px 50% \/ 14px 14px; position: absolute; opacity: 1; z-index: 8675309; display: none; cursor: pointer; top: 261px; left: 20px;\">Enregistrer<\/span><\/p>\n<\/div><\/div><\/div><\/div><\/div>","protected":false},"excerpt":{"rendered":"<p>ARKTEOS, dans sa d\u00e9marche de conception accorde une place tr\u00e8s importante \u00e0 l\u2019innovation pour proposer des pompes \u00e0 chaleur performantes, fiables et connect\u00e9es. Associ\u00e9 \u00e0 un confort optimum, nos produits s&rsquo;inscrivent naturellement dans l&rsquo;air du temps et des nouvelles technologies. Un pilotage du bout des doigtsL\u2019\u00e9cran tactile et son interface graphique intuitive, vous permettent de [&hellip;]<\/p>\n","protected":false},"author":1,"featured_media":0,"parent":232,"menu_order":0,"comment_status":"closed","ping_status":"closed","template":"","meta":{"_acf_changed":false,"_exactmetrics_skip_tracking":false,"_exactmetrics_sitenote_active":false,"_exactmetrics_sitenote_note":"","_exactmetrics_sitenote_category":0,"footnotes":""},"class_list":["post-967","page","type-page","status-publish","hentry","post"],"acf":[],"yoast_head":"<!-- This site is optimized with the Yoast SEO plugin v26.0 - https:\/\/yoast.com\/wordpress\/plugins\/seo\/ -->\n<title>Innovations techniques - ARKTEOS<\/title>\n<meta name=\"robots\" content=\"noindex, follow\" \/>\n<meta property=\"og:locale\" content=\"fr_FR\" \/>\n<meta property=\"og:type\" content=\"article\" \/>\n<meta property=\"og:title\" content=\"Innovations techniques - ARKTEOS\" \/>\n<meta property=\"og:description\" content=\"ARKTEOS, dans sa d\u00e9marche de conception accorde une place tr\u00e8s importante \u00e0 l\u2019innovation pour proposer des pompes \u00e0 chaleur performantes, fiables et connect\u00e9es. Associ\u00e9 \u00e0 un confort optimum, nos produits s&#039;inscrivent naturellement dans l&#039;air du temps et des nouvelles technologies. Un pilotage du bout des doigtsL\u2019\u00e9cran tactile et son interface graphique intuitive, vous permettent de [&hellip;]\" \/>\n<meta property=\"og:url\" content=\"https:\/\/www.arkteos.com\/index.php\/about-us\/innovations-techniques\/\" \/>\n<meta property=\"og:site_name\" content=\"ARKTEOS\" \/>\n<meta property=\"article:publisher\" content=\"https:\/\/www.linkedin.com\/company\/26433823\/\" \/>\n<meta property=\"article:modified_time\" content=\"2017-09-13T14:07:50+00:00\" \/>\n<meta property=\"og:image\" content=\"https:\/\/www.arkteos.com\/wp-content\/uploads\/2015\/12\/ecran-tactile-1024x191.jpg\" \/>\n<meta name=\"twitter:card\" content=\"summary_large_image\" \/>\n<meta name=\"twitter:label1\" content=\"Dur\u00e9e de lecture estim\u00e9e\" \/>\n\t<meta name=\"twitter:data1\" content=\"1 minute\" \/>\n<script type=\"application\/ld+json\" class=\"yoast-schema-graph\">{\"@context\":\"https:\/\/schema.org\",\"@graph\":[{\"@type\":\"WebPage\",\"@id\":\"https:\/\/www.arkteos.com\/index.php\/about-us\/innovations-techniques\/\",\"url\":\"https:\/\/www.arkteos.com\/index.php\/about-us\/innovations-techniques\/\",\"name\":\"Innovations techniques - ARKTEOS\",\"isPartOf\":{\"@id\":\"https:\/\/www.arkteos.com\/#website\"},\"primaryImageOfPage\":{\"@id\":\"https:\/\/www.arkteos.com\/index.php\/about-us\/innovations-techniques\/#primaryimage\"},\"image\":{\"@id\":\"https:\/\/www.arkteos.com\/index.php\/about-us\/innovations-techniques\/#primaryimage\"},\"thumbnailUrl\":\"https:\/\/www.arkteos.com\/wp-content\/uploads\/2015\/12\/ecran-tactile-1024x191.jpg\",\"datePublished\":\"2015-12-11T22:57:55+00:00\",\"dateModified\":\"2017-09-13T14:07:50+00:00\",\"breadcrumb\":{\"@id\":\"https:\/\/www.arkteos.com\/index.php\/about-us\/innovations-techniques\/#breadcrumb\"},\"inLanguage\":\"fr-FR\",\"potentialAction\":[{\"@type\":\"ReadAction\",\"target\":[\"https:\/\/www.arkteos.com\/index.php\/about-us\/innovations-techniques\/\"]}]},{\"@type\":\"ImageObject\",\"inLanguage\":\"fr-FR\",\"@id\":\"https:\/\/www.arkteos.com\/index.php\/about-us\/innovations-techniques\/#primaryimage\",\"url\":\"https:\/\/www.arkteos.com\/wp-content\/uploads\/2015\/12\/ecran-tactile.jpg\",\"contentUrl\":\"https:\/\/www.arkteos.com\/wp-content\/uploads\/2015\/12\/ecran-tactile.jpg\",\"width\":1024,\"height\":191},{\"@type\":\"BreadcrumbList\",\"@id\":\"https:\/\/www.arkteos.com\/index.php\/about-us\/innovations-techniques\/#breadcrumb\",\"itemListElement\":[{\"@type\":\"ListItem\",\"position\":1,\"name\":\"Accueil\",\"item\":\"https:\/\/www.arkteos.com\/\"},{\"@type\":\"ListItem\",\"position\":2,\"name\":\"Qui sommes nous\",\"item\":\"https:\/\/www.arkteos.com\/index.php\/about-us\/\"},{\"@type\":\"ListItem\",\"position\":3,\"name\":\"Innovations techniques\"}]},{\"@type\":\"WebSite\",\"@id\":\"https:\/\/www.arkteos.com\/#website\",\"url\":\"https:\/\/www.arkteos.com\/\",\"name\":\"ARKTEOS\",\"description\":\"FABRICANT FRANCAIS DE POMPE A CHALEUR\",\"publisher\":{\"@id\":\"https:\/\/www.arkteos.com\/#organization\"},\"potentialAction\":[{\"@type\":\"SearchAction\",\"target\":{\"@type\":\"EntryPoint\",\"urlTemplate\":\"https:\/\/www.arkteos.com\/?s={search_term_string}\"},\"query-input\":{\"@type\":\"PropertyValueSpecification\",\"valueRequired\":true,\"valueName\":\"search_term_string\"}}],\"inLanguage\":\"fr-FR\"},{\"@type\":\"Organization\",\"@id\":\"https:\/\/www.arkteos.com\/#organization\",\"name\":\"ARKTEOS\",\"url\":\"https:\/\/www.arkteos.com\/\",\"logo\":{\"@type\":\"ImageObject\",\"inLanguage\":\"fr-FR\",\"@id\":\"https:\/\/www.arkteos.com\/#\/schema\/logo\/image\/\",\"url\":\"https:\/\/www.arkteos.com\/wp-content\/uploads\/2025\/09\/cropped-Logo_Arkteos_03.png\",\"contentUrl\":\"https:\/\/www.arkteos.com\/wp-content\/uploads\/2025\/09\/cropped-Logo_Arkteos_03.png\",\"width\":400,\"height\":200,\"caption\":\"ARKTEOS\"},\"image\":{\"@id\":\"https:\/\/www.arkteos.com\/#\/schema\/logo\/image\/\"},\"sameAs\":[\"https:\/\/www.linkedin.com\/company\/26433823\/\"]}]}<\/script>\n<!-- \/ Yoast SEO plugin. -->","yoast_head_json":{"title":"Innovations techniques - ARKTEOS","robots":{"index":"noindex","follow":"follow"},"og_locale":"fr_FR","og_type":"article","og_title":"Innovations techniques - ARKTEOS","og_description":"ARKTEOS, dans sa d\u00e9marche de conception accorde une place tr\u00e8s importante \u00e0 l\u2019innovation pour proposer des pompes \u00e0 chaleur performantes, fiables et connect\u00e9es. Associ\u00e9 \u00e0 un confort optimum, nos produits s'inscrivent naturellement dans l'air du temps et des nouvelles technologies. Un pilotage du bout des doigtsL\u2019\u00e9cran tactile et son interface graphique intuitive, vous permettent de [&hellip;]","og_url":"https:\/\/www.arkteos.com\/index.php\/about-us\/innovations-techniques\/","og_site_name":"ARKTEOS","article_publisher":"https:\/\/www.linkedin.com\/company\/26433823\/","article_modified_time":"2017-09-13T14:07:50+00:00","og_image":[{"url":"https:\/\/www.arkteos.com\/wp-content\/uploads\/2015\/12\/ecran-tactile-1024x191.jpg","type":"","width":"","height":""}],"twitter_card":"summary_large_image","twitter_misc":{"Dur\u00e9e de lecture estim\u00e9e":"1 minute"},"schema":{"@context":"https:\/\/schema.org","@graph":[{"@type":"WebPage","@id":"https:\/\/www.arkteos.com\/index.php\/about-us\/innovations-techniques\/","url":"https:\/\/www.arkteos.com\/index.php\/about-us\/innovations-techniques\/","name":"Innovations techniques - ARKTEOS","isPartOf":{"@id":"https:\/\/www.arkteos.com\/#website"},"primaryImageOfPage":{"@id":"https:\/\/www.arkteos.com\/index.php\/about-us\/innovations-techniques\/#primaryimage"},"image":{"@id":"https:\/\/www.arkteos.com\/index.php\/about-us\/innovations-techniques\/#primaryimage"},"thumbnailUrl":"https:\/\/www.arkteos.com\/wp-content\/uploads\/2015\/12\/ecran-tactile-1024x191.jpg","datePublished":"2015-12-11T22:57:55+00:00","dateModified":"2017-09-13T14:07:50+00:00","breadcrumb":{"@id":"https:\/\/www.arkteos.com\/index.php\/about-us\/innovations-techniques\/#breadcrumb"},"inLanguage":"fr-FR","potentialAction":[{"@type":"ReadAction","target":["https:\/\/www.arkteos.com\/index.php\/about-us\/innovations-techniques\/"]}]},{"@type":"ImageObject","inLanguage":"fr-FR","@id":"https:\/\/www.arkteos.com\/index.php\/about-us\/innovations-techniques\/#primaryimage","url":"https:\/\/www.arkteos.com\/wp-content\/uploads\/2015\/12\/ecran-tactile.jpg","contentUrl":"https:\/\/www.arkteos.com\/wp-content\/uploads\/2015\/12\/ecran-tactile.jpg","width":1024,"height":191},{"@type":"BreadcrumbList","@id":"https:\/\/www.arkteos.com\/index.php\/about-us\/innovations-techniques\/#breadcrumb","itemListElement":[{"@type":"ListItem","position":1,"name":"Accueil","item":"https:\/\/www.arkteos.com\/"},{"@type":"ListItem","position":2,"name":"Qui sommes nous","item":"https:\/\/www.arkteos.com\/index.php\/about-us\/"},{"@type":"ListItem","position":3,"name":"Innovations techniques"}]},{"@type":"WebSite","@id":"https:\/\/www.arkteos.com\/#website","url":"https:\/\/www.arkteos.com\/","name":"ARKTEOS","description":"FABRICANT FRANCAIS DE POMPE A CHALEUR","publisher":{"@id":"https:\/\/www.arkteos.com\/#organization"},"potentialAction":[{"@type":"SearchAction","target":{"@type":"EntryPoint","urlTemplate":"https:\/\/www.arkteos.com\/?s={search_term_string}"},"query-input":{"@type":"PropertyValueSpecification","valueRequired":true,"valueName":"search_term_string"}}],"inLanguage":"fr-FR"},{"@type":"Organization","@id":"https:\/\/www.arkteos.com\/#organization","name":"ARKTEOS","url":"https:\/\/www.arkteos.com\/","logo":{"@type":"ImageObject","inLanguage":"fr-FR","@id":"https:\/\/www.arkteos.com\/#\/schema\/logo\/image\/","url":"https:\/\/www.arkteos.com\/wp-content\/uploads\/2025\/09\/cropped-Logo_Arkteos_03.png","contentUrl":"https:\/\/www.arkteos.com\/wp-content\/uploads\/2025\/09\/cropped-Logo_Arkteos_03.png","width":400,"height":200,"caption":"ARKTEOS"},"image":{"@id":"https:\/\/www.arkteos.com\/#\/schema\/logo\/image\/"},"sameAs":["https:\/\/www.linkedin.com\/company\/26433823\/"]}]}},"_links":{"self":[{"href":"https:\/\/www.arkteos.com\/index.php\/wp-json\/wp\/v2\/pages\/967","targetHints":{"allow":["GET"]}}],"collection":[{"href":"https:\/\/www.arkteos.com\/index.php\/wp-json\/wp\/v2\/pages"}],"about":[{"href":"https:\/\/www.arkteos.com\/index.php\/wp-json\/wp\/v2\/types\/page"}],"author":[{"embeddable":true,"href":"https:\/\/www.arkteos.com\/index.php\/wp-json\/wp\/v2\/users\/1"}],"replies":[{"embeddable":true,"href":"https:\/\/www.arkteos.com\/index.php\/wp-json\/wp\/v2\/comments?post=967"}],"version-history":[{"count":31,"href":"https:\/\/www.arkteos.com\/index.php\/wp-json\/wp\/v2\/pages\/967\/revisions"}],"predecessor-version":[{"id":1648,"href":"https:\/\/www.arkteos.com\/index.php\/wp-json\/wp\/v2\/pages\/967\/revisions\/1648"}],"up":[{"embeddable":true,"href":"https:\/\/www.arkteos.com\/index.php\/wp-json\/wp\/v2\/pages\/232"}],"wp:attachment":[{"href":"https:\/\/www.arkteos.com\/index.php\/wp-json\/wp\/v2\/media?parent=967"}],"curies":[{"name":"wp","href":"https:\/\/api.w.org\/{rel}","templated":true}]}}