{"id":95,"date":"2015-04-23T12:32:53","date_gmt":"2015-04-23T12:32:53","guid":{"rendered":"http:\/\/xml-io.proteusthemes.com\/cargopress\/?page_id=95"},"modified":"2016-09-30T15:23:11","modified_gmt":"2016-09-30T14:23:11","slug":"logistic-service","status":"publish","type":"page","link":"https:\/\/www.arkteos.com\/index.php\/accueil\/logistic-service\/","title":{"rendered":"Economie"},"content":{"rendered":"<div id=\"pl-95\"  class=\"panel-layout\" ><div id=\"pg-95-0\"  class=\"panel-grid panel-no-style\" ><div id=\"pgc-95-0-0\"  class=\"panel-grid-cell\" ><div id=\"panel-95-0-0-0\" class=\"so-panel widget widget_black-studio-tinymce widget_black_studio_tinymce panel-first-child panel-last-child\" data-index=\"0\" ><div class=\"textwidget\"><p>Depuis plus de 10 ans nous vous proposons des solutions pour le chauffage et l'eau chaude sanitaire toujours plus performantes. L'expertise et le savoir-faire que nous avons acquis nous permettent aujourd'hui de vous apporter,\u00a0 \u00e0 travers des solutions techniques innovantes et performantes, un gain \u00e9conomique.<\/p><p>Avec nos produits vous pouvez vous inscrire dans une d\u00e9marche de d\u00e9veloppement durable et de respect de l'environnement en r\u00e9alisant des \u00e9conomies,\u00a0en \u00e9vitant tout gaspillage d'\u00e9nergie et en accroissant votre confort.<\/p><p>Nos pompes \u00e0 chaleur vous permettront de r\u00e9duire vos consommations \u00e9nerg\u00e9tiques et donc d'all\u00e9ger vos factures et de diminuer votre empreinte carbone sur l'environnement.<\/p><p>\u00a0<\/p><\/div><\/div><\/div><div id=\"pgc-95-0-1\"  class=\"panel-grid-cell\" ><div id=\"panel-95-0-1-0\" class=\"so-panel widget widget_black-studio-tinymce widget_black_studio_tinymce panel-first-child panel-last-child\" data-index=\"1\" ><div class=\"textwidget\"><p><a href=\"https:\/\/www.arkteos.com\/wp-content\/uploads\/2015\/04\/image-economie2.jpg\"><img loading=\"lazy\" decoding=\"async\" class=\"size-full wp-image-1136\" src=\"https:\/\/www.arkteos.com\/wp-content\/uploads\/2015\/04\/image-economie2.jpg\" alt=\"green leaf with water drop and water on blue background\" width=\"600\" height=\"270\" srcset=\"https:\/\/www.arkteos.com\/wp-content\/uploads\/2015\/04\/image-economie2.jpg 600w, https:\/\/www.arkteos.com\/wp-content\/uploads\/2015\/04\/image-economie2-300x135.jpg 300w\" sizes=\"auto, (max-width: 600px) 100vw, 600px\" \/><\/a><\/p>\n<p>&nbsp;<\/p>\n<\/div><\/div><\/div><\/div><\/div>","protected":false},"excerpt":{"rendered":"<p>Depuis plus de 10 ans nous vous proposons des solutions pour le chauffage et l&rsquo;eau chaude sanitaire toujours plus performantes. L&rsquo;expertise et le savoir-faire que nous avons acquis nous permettent aujourd&rsquo;hui de vous apporter,\u00a0 \u00e0 travers des solutions techniques innovantes et performantes, un gain \u00e9conomique.Avec nos produits vous pouvez vous inscrire dans une d\u00e9marche de [&hellip;]<\/p>\n","protected":false},"author":1,"featured_media":1211,"parent":4775,"menu_order":0,"comment_status":"closed","ping_status":"open","template":"","meta":{"_acf_changed":false,"_exactmetrics_skip_tracking":false,"_exactmetrics_sitenote_active":false,"_exactmetrics_sitenote_note":"","_exactmetrics_sitenote_category":0,"footnotes":""},"class_list":["post-95","page","type-page","status-publish","has-post-thumbnail","hentry","post","post-with-thumbnail","post-with-thumbnail-large"],"acf":[],"yoast_head":"<!-- This site is optimized with the Yoast SEO plugin v26.0 - https:\/\/yoast.com\/wordpress\/plugins\/seo\/ -->\n<title>Economie - ARKTEOS<\/title>\n<meta name=\"robots\" content=\"noindex, follow\" \/>\n<meta property=\"og:locale\" content=\"fr_FR\" \/>\n<meta property=\"og:type\" content=\"article\" \/>\n<meta property=\"og:title\" content=\"Economie - ARKTEOS\" \/>\n<meta property=\"og:description\" content=\"Depuis plus de 10 ans nous vous proposons des solutions pour le chauffage et l&#039;eau chaude sanitaire toujours plus performantes. L&#039;expertise et le savoir-faire que nous avons acquis nous permettent aujourd&#039;hui de vous apporter,\u00a0 \u00e0 travers des solutions techniques innovantes et performantes, un gain \u00e9conomique.Avec nos produits vous pouvez vous inscrire dans une d\u00e9marche de [&hellip;]\" \/>\n<meta property=\"og:url\" content=\"https:\/\/www.arkteos.com\/index.php\/accueil\/accueil__trashed\/logistic-service\/\" \/>\n<meta property=\"og:site_name\" content=\"ARKTEOS\" \/>\n<meta property=\"article:publisher\" content=\"https:\/\/www.linkedin.com\/company\/26433823\/\" \/>\n<meta property=\"article:modified_time\" content=\"2016-09-30T14:23:11+00:00\" \/>\n<meta property=\"og:image\" content=\"https:\/\/www.arkteos.com\/wp-content\/uploads\/2015\/12\/Economie-OK.jpg\" \/>\n\t<meta property=\"og:image:width\" content=\"400\" \/>\n\t<meta property=\"og:image:height\" content=\"267\" \/>\n\t<meta property=\"og:image:type\" content=\"image\/jpeg\" \/>\n<meta name=\"twitter:card\" content=\"summary_large_image\" \/>\n<meta name=\"twitter:label1\" content=\"Dur\u00e9e de lecture estim\u00e9e\" \/>\n\t<meta name=\"twitter:data1\" content=\"1 minute\" \/>\n<script type=\"application\/ld+json\" class=\"yoast-schema-graph\">{\"@context\":\"https:\/\/schema.org\",\"@graph\":[{\"@type\":\"WebPage\",\"@id\":\"https:\/\/www.arkteos.com\/index.php\/accueil\/accueil__trashed\/logistic-service\/\",\"url\":\"https:\/\/www.arkteos.com\/index.php\/accueil\/accueil__trashed\/logistic-service\/\",\"name\":\"Economie - ARKTEOS\",\"isPartOf\":{\"@id\":\"https:\/\/www.arkteos.com\/#website\"},\"primaryImageOfPage\":{\"@id\":\"https:\/\/www.arkteos.com\/index.php\/accueil\/accueil__trashed\/logistic-service\/#primaryimage\"},\"image\":{\"@id\":\"https:\/\/www.arkteos.com\/index.php\/accueil\/accueil__trashed\/logistic-service\/#primaryimage\"},\"thumbnailUrl\":\"https:\/\/www.arkteos.com\/wp-content\/uploads\/2015\/12\/Economie-OK.jpg\",\"datePublished\":\"2015-04-23T12:32:53+00:00\",\"dateModified\":\"2016-09-30T14:23:11+00:00\",\"breadcrumb\":{\"@id\":\"https:\/\/www.arkteos.com\/index.php\/accueil\/accueil__trashed\/logistic-service\/#breadcrumb\"},\"inLanguage\":\"fr-FR\",\"potentialAction\":[{\"@type\":\"ReadAction\",\"target\":[\"https:\/\/www.arkteos.com\/index.php\/accueil\/accueil__trashed\/logistic-service\/\"]}]},{\"@type\":\"ImageObject\",\"inLanguage\":\"fr-FR\",\"@id\":\"https:\/\/www.arkteos.com\/index.php\/accueil\/accueil__trashed\/logistic-service\/#primaryimage\",\"url\":\"https:\/\/www.arkteos.com\/wp-content\/uploads\/2015\/12\/Economie-OK.jpg\",\"contentUrl\":\"https:\/\/www.arkteos.com\/wp-content\/uploads\/2015\/12\/Economie-OK.jpg\",\"width\":400,\"height\":267,\"caption\":\"Sprout growing on glass piggy bank with sunset light in saving money concept\"},{\"@type\":\"BreadcrumbList\",\"@id\":\"https:\/\/www.arkteos.com\/index.php\/accueil\/accueil__trashed\/logistic-service\/#breadcrumb\",\"itemListElement\":[{\"@type\":\"ListItem\",\"position\":1,\"name\":\"Accueil\",\"item\":\"https:\/\/www.arkteos.com\/\"},{\"@type\":\"ListItem\",\"position\":2,\"name\":\"Accueil\",\"item\":\"https:\/\/www.arkteos.com\/\"},{\"@type\":\"ListItem\",\"position\":3,\"name\":\"Economie\"}]},{\"@type\":\"WebSite\",\"@id\":\"https:\/\/www.arkteos.com\/#website\",\"url\":\"https:\/\/www.arkteos.com\/\",\"name\":\"ARKTEOS\",\"description\":\"FABRICANT FRANCAIS DE POMPE A CHALEUR\",\"publisher\":{\"@id\":\"https:\/\/www.arkteos.com\/#organization\"},\"potentialAction\":[{\"@type\":\"SearchAction\",\"target\":{\"@type\":\"EntryPoint\",\"urlTemplate\":\"https:\/\/www.arkteos.com\/?s={search_term_string}\"},\"query-input\":{\"@type\":\"PropertyValueSpecification\",\"valueRequired\":true,\"valueName\":\"search_term_string\"}}],\"inLanguage\":\"fr-FR\"},{\"@type\":\"Organization\",\"@id\":\"https:\/\/www.arkteos.com\/#organization\",\"name\":\"ARKTEOS\",\"url\":\"https:\/\/www.arkteos.com\/\",\"logo\":{\"@type\":\"ImageObject\",\"inLanguage\":\"fr-FR\",\"@id\":\"https:\/\/www.arkteos.com\/#\/schema\/logo\/image\/\",\"url\":\"https:\/\/www.arkteos.com\/wp-content\/uploads\/2025\/09\/cropped-Logo_Arkteos_03.png\",\"contentUrl\":\"https:\/\/www.arkteos.com\/wp-content\/uploads\/2025\/09\/cropped-Logo_Arkteos_03.png\",\"width\":400,\"height\":200,\"caption\":\"ARKTEOS\"},\"image\":{\"@id\":\"https:\/\/www.arkteos.com\/#\/schema\/logo\/image\/\"},\"sameAs\":[\"https:\/\/www.linkedin.com\/company\/26433823\/\"]}]}<\/script>\n<!-- \/ Yoast SEO plugin. -->","yoast_head_json":{"title":"Economie - ARKTEOS","robots":{"index":"noindex","follow":"follow"},"og_locale":"fr_FR","og_type":"article","og_title":"Economie - ARKTEOS","og_description":"Depuis plus de 10 ans nous vous proposons des solutions pour le chauffage et l'eau chaude sanitaire toujours plus performantes. L'expertise et le savoir-faire que nous avons acquis nous permettent aujourd'hui de vous apporter,\u00a0 \u00e0 travers des solutions techniques innovantes et performantes, un gain \u00e9conomique.Avec nos produits vous pouvez vous inscrire dans une d\u00e9marche de [&hellip;]","og_url":"https:\/\/www.arkteos.com\/index.php\/accueil\/accueil__trashed\/logistic-service\/","og_site_name":"ARKTEOS","article_publisher":"https:\/\/www.linkedin.com\/company\/26433823\/","article_modified_time":"2016-09-30T14:23:11+00:00","og_image":[{"width":400,"height":267,"url":"https:\/\/www.arkteos.com\/wp-content\/uploads\/2015\/12\/Economie-OK.jpg","type":"image\/jpeg"}],"twitter_card":"summary_large_image","twitter_misc":{"Dur\u00e9e de lecture estim\u00e9e":"1 minute"},"schema":{"@context":"https:\/\/schema.org","@graph":[{"@type":"WebPage","@id":"https:\/\/www.arkteos.com\/index.php\/accueil\/accueil__trashed\/logistic-service\/","url":"https:\/\/www.arkteos.com\/index.php\/accueil\/accueil__trashed\/logistic-service\/","name":"Economie - ARKTEOS","isPartOf":{"@id":"https:\/\/www.arkteos.com\/#website"},"primaryImageOfPage":{"@id":"https:\/\/www.arkteos.com\/index.php\/accueil\/accueil__trashed\/logistic-service\/#primaryimage"},"image":{"@id":"https:\/\/www.arkteos.com\/index.php\/accueil\/accueil__trashed\/logistic-service\/#primaryimage"},"thumbnailUrl":"https:\/\/www.arkteos.com\/wp-content\/uploads\/2015\/12\/Economie-OK.jpg","datePublished":"2015-04-23T12:32:53+00:00","dateModified":"2016-09-30T14:23:11+00:00","breadcrumb":{"@id":"https:\/\/www.arkteos.com\/index.php\/accueil\/accueil__trashed\/logistic-service\/#breadcrumb"},"inLanguage":"fr-FR","potentialAction":[{"@type":"ReadAction","target":["https:\/\/www.arkteos.com\/index.php\/accueil\/accueil__trashed\/logistic-service\/"]}]},{"@type":"ImageObject","inLanguage":"fr-FR","@id":"https:\/\/www.arkteos.com\/index.php\/accueil\/accueil__trashed\/logistic-service\/#primaryimage","url":"https:\/\/www.arkteos.com\/wp-content\/uploads\/2015\/12\/Economie-OK.jpg","contentUrl":"https:\/\/www.arkteos.com\/wp-content\/uploads\/2015\/12\/Economie-OK.jpg","width":400,"height":267,"caption":"Sprout growing on glass piggy bank with sunset light in saving money concept"},{"@type":"BreadcrumbList","@id":"https:\/\/www.arkteos.com\/index.php\/accueil\/accueil__trashed\/logistic-service\/#breadcrumb","itemListElement":[{"@type":"ListItem","position":1,"name":"Accueil","item":"https:\/\/www.arkteos.com\/"},{"@type":"ListItem","position":2,"name":"Accueil","item":"https:\/\/www.arkteos.com\/"},{"@type":"ListItem","position":3,"name":"Economie"}]},{"@type":"WebSite","@id":"https:\/\/www.arkteos.com\/#website","url":"https:\/\/www.arkteos.com\/","name":"ARKTEOS","description":"FABRICANT FRANCAIS DE POMPE A CHALEUR","publisher":{"@id":"https:\/\/www.arkteos.com\/#organization"},"potentialAction":[{"@type":"SearchAction","target":{"@type":"EntryPoint","urlTemplate":"https:\/\/www.arkteos.com\/?s={search_term_string}"},"query-input":{"@type":"PropertyValueSpecification","valueRequired":true,"valueName":"search_term_string"}}],"inLanguage":"fr-FR"},{"@type":"Organization","@id":"https:\/\/www.arkteos.com\/#organization","name":"ARKTEOS","url":"https:\/\/www.arkteos.com\/","logo":{"@type":"ImageObject","inLanguage":"fr-FR","@id":"https:\/\/www.arkteos.com\/#\/schema\/logo\/image\/","url":"https:\/\/www.arkteos.com\/wp-content\/uploads\/2025\/09\/cropped-Logo_Arkteos_03.png","contentUrl":"https:\/\/www.arkteos.com\/wp-content\/uploads\/2025\/09\/cropped-Logo_Arkteos_03.png","width":400,"height":200,"caption":"ARKTEOS"},"image":{"@id":"https:\/\/www.arkteos.com\/#\/schema\/logo\/image\/"},"sameAs":["https:\/\/www.linkedin.com\/company\/26433823\/"]}]}},"_links":{"self":[{"href":"https:\/\/www.arkteos.com\/index.php\/wp-json\/wp\/v2\/pages\/95","targetHints":{"allow":["GET"]}}],"collection":[{"href":"https:\/\/www.arkteos.com\/index.php\/wp-json\/wp\/v2\/pages"}],"about":[{"href":"https:\/\/www.arkteos.com\/index.php\/wp-json\/wp\/v2\/types\/page"}],"author":[{"embeddable":true,"href":"https:\/\/www.arkteos.com\/index.php\/wp-json\/wp\/v2\/users\/1"}],"replies":[{"embeddable":true,"href":"https:\/\/www.arkteos.com\/index.php\/wp-json\/wp\/v2\/comments?post=95"}],"version-history":[{"count":11,"href":"https:\/\/www.arkteos.com\/index.php\/wp-json\/wp\/v2\/pages\/95\/revisions"}],"predecessor-version":[{"id":1489,"href":"https:\/\/www.arkteos.com\/index.php\/wp-json\/wp\/v2\/pages\/95\/revisions\/1489"}],"up":[{"embeddable":true,"href":"https:\/\/www.arkteos.com\/index.php\/wp-json\/wp\/v2\/pages\/4775"}],"wp:featuredmedia":[{"embeddable":true,"href":"https:\/\/www.arkteos.com\/index.php\/wp-json\/wp\/v2\/media\/1211"}],"wp:attachment":[{"href":"https:\/\/www.arkteos.com\/index.php\/wp-json\/wp\/v2\/media?parent=95"}],"curies":[{"name":"wp","href":"https:\/\/api.w.org\/{rel}","templated":true}]}}