{"id":733,"date":"2015-12-09T09:24:55","date_gmt":"2015-12-09T08:24:55","guid":{"rendered":"http:\/\/arkteos.com\/?page_id=733"},"modified":"2016-09-30T15:27:39","modified_gmt":"2016-09-30T14:27:39","slug":"application-geothermie","status":"publish","type":"page","link":"https:\/\/www.arkteos.com\/index.php\/accueil\/geothermie\/application-geothermie\/","title":{"rendered":"Application g\u00e9othermie"},"content":{"rendered":"<div id=\"pl-733\"  class=\"panel-layout\" ><div id=\"pg-733-0\"  class=\"panel-grid panel-no-style\" ><div id=\"pgc-733-0-0\"  class=\"panel-grid-cell\" ><div id=\"panel-733-0-0-0\" class=\"so-panel widget widget_black-studio-tinymce widget_black_studio_tinymce panel-first-child panel-last-child\" data-index=\"0\" ><div class=\"textwidget\"><p>Nos PAC, en fonction de leurs caract\u00e9ristiques vous permettront de produire de l\u2019\u00e9nergie pour tous vos besoins.<br \/> Elles peuvent s\u2019installer dans le neuf ou la r\u00e9novation, pour du r\u00e9sidentiel ou du petit tertiaire.<br \/> Elles peuvent aussi \u00eatre install\u00e9es en rel\u00e8ve de chaudi\u00e8re.<br \/> Il est \u00e9galement possible de mettre plusieurs PAC en cascade.<\/p>\n<\/div><\/div><\/div><\/div><div id=\"pg-733-1\"  class=\"panel-grid panel-no-style\" ><div id=\"pgc-733-1-0\"  class=\"panel-grid-cell\" ><div id=\"panel-733-1-0-0\" class=\"so-panel widget widget_black-studio-tinymce widget_black_studio_tinymce panel-first-child panel-last-child\" data-index=\"1\" ><div class=\"textwidget\"><p><a href=\"https:\/\/www.arkteos.com\/wp-content\/uploads\/2015\/12\/Application-geo.jpg\"><img loading=\"lazy\" decoding=\"async\" class=\"alignnone size-full wp-image-736\" src=\"https:\/\/www.arkteos.com\/wp-content\/uploads\/2015\/12\/Application-geo.jpg\" alt=\"Application g\u00e9o\" width=\"590\" height=\"451\" srcset=\"https:\/\/www.arkteos.com\/wp-content\/uploads\/2015\/12\/Application-geo.jpg 590w, https:\/\/www.arkteos.com\/wp-content\/uploads\/2015\/12\/Application-geo-300x229.jpg 300w\" sizes=\"auto, (max-width: 590px) 100vw, 590px\" \/><\/a><\/p>\n<\/div><\/div><\/div><\/div><\/div>","protected":false},"excerpt":{"rendered":"<p>Nos PAC, en fonction de leurs caract\u00e9ristiques vous permettront de produire de l\u2019\u00e9nergie pour tous vos besoins. Elles peuvent s\u2019installer dans le neuf ou la r\u00e9novation, pour du r\u00e9sidentiel ou du petit tertiaire. Elles peuvent aussi \u00eatre install\u00e9es en rel\u00e8ve de chaudi\u00e8re. Il est \u00e9galement possible de mettre plusieurs PAC en cascade.<\/p>\n","protected":false},"author":1,"featured_media":0,"parent":672,"menu_order":0,"comment_status":"closed","ping_status":"closed","template":"","meta":{"_acf_changed":false,"_exactmetrics_skip_tracking":false,"_exactmetrics_sitenote_active":false,"_exactmetrics_sitenote_note":"","_exactmetrics_sitenote_category":0,"footnotes":""},"class_list":["post-733","page","type-page","status-publish","hentry","post"],"acf":[],"yoast_head":"<!-- This site is optimized with the Yoast SEO plugin v26.0 - https:\/\/yoast.com\/wordpress\/plugins\/seo\/ -->\n<title>Application g\u00e9othermie - ARKTEOS<\/title>\n<meta name=\"robots\" content=\"noindex, follow\" \/>\n<meta property=\"og:locale\" content=\"fr_FR\" \/>\n<meta property=\"og:type\" content=\"article\" \/>\n<meta property=\"og:title\" content=\"Application g\u00e9othermie - ARKTEOS\" \/>\n<meta property=\"og:description\" content=\"Nos PAC, en fonction de leurs caract\u00e9ristiques vous permettront de produire de l\u2019\u00e9nergie pour tous vos besoins. Elles peuvent s\u2019installer dans le neuf ou la r\u00e9novation, pour du r\u00e9sidentiel ou du petit tertiaire. Elles peuvent aussi \u00eatre install\u00e9es en rel\u00e8ve de chaudi\u00e8re. Il est \u00e9galement possible de mettre plusieurs PAC en cascade.\" \/>\n<meta property=\"og:url\" content=\"https:\/\/www.arkteos.com\/index.php\/accueil\/accueil__trashed\/nos-solutions__trashed\/geothermie\/application-geothermie\/\" \/>\n<meta property=\"og:site_name\" content=\"ARKTEOS\" \/>\n<meta property=\"article:publisher\" content=\"https:\/\/www.linkedin.com\/company\/26433823\/\" \/>\n<meta property=\"article:modified_time\" content=\"2016-09-30T14:27:39+00:00\" \/>\n<meta property=\"og:image\" content=\"https:\/\/www.arkteos.com\/wp-content\/uploads\/2015\/12\/Application-geo.jpg\" \/>\n<meta name=\"twitter:card\" content=\"summary_large_image\" \/>\n<script type=\"application\/ld+json\" class=\"yoast-schema-graph\">{\"@context\":\"https:\/\/schema.org\",\"@graph\":[{\"@type\":\"WebPage\",\"@id\":\"https:\/\/www.arkteos.com\/index.php\/accueil\/accueil__trashed\/nos-solutions__trashed\/geothermie\/application-geothermie\/\",\"url\":\"https:\/\/www.arkteos.com\/index.php\/accueil\/accueil__trashed\/nos-solutions__trashed\/geothermie\/application-geothermie\/\",\"name\":\"Application g\u00e9othermie - ARKTEOS\",\"isPartOf\":{\"@id\":\"https:\/\/www.arkteos.com\/#website\"},\"primaryImageOfPage\":{\"@id\":\"https:\/\/www.arkteos.com\/index.php\/accueil\/accueil__trashed\/nos-solutions__trashed\/geothermie\/application-geothermie\/#primaryimage\"},\"image\":{\"@id\":\"https:\/\/www.arkteos.com\/index.php\/accueil\/accueil__trashed\/nos-solutions__trashed\/geothermie\/application-geothermie\/#primaryimage\"},\"thumbnailUrl\":\"https:\/\/www.arkteos.com\/wp-content\/uploads\/2015\/12\/Application-geo.jpg\",\"datePublished\":\"2015-12-09T08:24:55+00:00\",\"dateModified\":\"2016-09-30T14:27:39+00:00\",\"breadcrumb\":{\"@id\":\"https:\/\/www.arkteos.com\/index.php\/accueil\/accueil__trashed\/nos-solutions__trashed\/geothermie\/application-geothermie\/#breadcrumb\"},\"inLanguage\":\"fr-FR\",\"potentialAction\":[{\"@type\":\"ReadAction\",\"target\":[\"https:\/\/www.arkteos.com\/index.php\/accueil\/accueil__trashed\/nos-solutions__trashed\/geothermie\/application-geothermie\/\"]}]},{\"@type\":\"ImageObject\",\"inLanguage\":\"fr-FR\",\"@id\":\"https:\/\/www.arkteos.com\/index.php\/accueil\/accueil__trashed\/nos-solutions__trashed\/geothermie\/application-geothermie\/#primaryimage\",\"url\":\"https:\/\/www.arkteos.com\/wp-content\/uploads\/2015\/12\/Application-geo.jpg\",\"contentUrl\":\"https:\/\/www.arkteos.com\/wp-content\/uploads\/2015\/12\/Application-geo.jpg\"},{\"@type\":\"BreadcrumbList\",\"@id\":\"https:\/\/www.arkteos.com\/index.php\/accueil\/accueil__trashed\/nos-solutions__trashed\/geothermie\/application-geothermie\/#breadcrumb\",\"itemListElement\":[{\"@type\":\"ListItem\",\"position\":1,\"name\":\"Accueil\",\"item\":\"https:\/\/www.arkteos.com\/\"},{\"@type\":\"ListItem\",\"position\":2,\"name\":\"Accueil\",\"item\":\"https:\/\/www.arkteos.com\/\"},{\"@type\":\"ListItem\",\"position\":3,\"name\":\"G\u00e9othermie\",\"item\":\"https:\/\/www.arkteos.com\/index.php\/accueil\/accueil__trashed\/nos-solutions__trashed\/geothermie\/\"},{\"@type\":\"ListItem\",\"position\":4,\"name\":\"Application g\u00e9othermie\"}]},{\"@type\":\"WebSite\",\"@id\":\"https:\/\/www.arkteos.com\/#website\",\"url\":\"https:\/\/www.arkteos.com\/\",\"name\":\"ARKTEOS\",\"description\":\"FABRICANT FRANCAIS DE POMPE A CHALEUR\",\"publisher\":{\"@id\":\"https:\/\/www.arkteos.com\/#organization\"},\"potentialAction\":[{\"@type\":\"SearchAction\",\"target\":{\"@type\":\"EntryPoint\",\"urlTemplate\":\"https:\/\/www.arkteos.com\/?s={search_term_string}\"},\"query-input\":{\"@type\":\"PropertyValueSpecification\",\"valueRequired\":true,\"valueName\":\"search_term_string\"}}],\"inLanguage\":\"fr-FR\"},{\"@type\":\"Organization\",\"@id\":\"https:\/\/www.arkteos.com\/#organization\",\"name\":\"ARKTEOS\",\"url\":\"https:\/\/www.arkteos.com\/\",\"logo\":{\"@type\":\"ImageObject\",\"inLanguage\":\"fr-FR\",\"@id\":\"https:\/\/www.arkteos.com\/#\/schema\/logo\/image\/\",\"url\":\"https:\/\/www.arkteos.com\/wp-content\/uploads\/2025\/09\/cropped-Logo_Arkteos_03.png\",\"contentUrl\":\"https:\/\/www.arkteos.com\/wp-content\/uploads\/2025\/09\/cropped-Logo_Arkteos_03.png\",\"width\":400,\"height\":200,\"caption\":\"ARKTEOS\"},\"image\":{\"@id\":\"https:\/\/www.arkteos.com\/#\/schema\/logo\/image\/\"},\"sameAs\":[\"https:\/\/www.linkedin.com\/company\/26433823\/\"]}]}<\/script>\n<!-- \/ Yoast SEO plugin. -->","yoast_head_json":{"title":"Application g\u00e9othermie - ARKTEOS","robots":{"index":"noindex","follow":"follow"},"og_locale":"fr_FR","og_type":"article","og_title":"Application g\u00e9othermie - ARKTEOS","og_description":"Nos PAC, en fonction de leurs caract\u00e9ristiques vous permettront de produire de l\u2019\u00e9nergie pour tous vos besoins. Elles peuvent s\u2019installer dans le neuf ou la r\u00e9novation, pour du r\u00e9sidentiel ou du petit tertiaire. Elles peuvent aussi \u00eatre install\u00e9es en rel\u00e8ve de chaudi\u00e8re. Il est \u00e9galement possible de mettre plusieurs PAC en cascade.","og_url":"https:\/\/www.arkteos.com\/index.php\/accueil\/accueil__trashed\/nos-solutions__trashed\/geothermie\/application-geothermie\/","og_site_name":"ARKTEOS","article_publisher":"https:\/\/www.linkedin.com\/company\/26433823\/","article_modified_time":"2016-09-30T14:27:39+00:00","og_image":[{"url":"https:\/\/www.arkteos.com\/wp-content\/uploads\/2015\/12\/Application-geo.jpg","type":"","width":"","height":""}],"twitter_card":"summary_large_image","schema":{"@context":"https:\/\/schema.org","@graph":[{"@type":"WebPage","@id":"https:\/\/www.arkteos.com\/index.php\/accueil\/accueil__trashed\/nos-solutions__trashed\/geothermie\/application-geothermie\/","url":"https:\/\/www.arkteos.com\/index.php\/accueil\/accueil__trashed\/nos-solutions__trashed\/geothermie\/application-geothermie\/","name":"Application g\u00e9othermie - ARKTEOS","isPartOf":{"@id":"https:\/\/www.arkteos.com\/#website"},"primaryImageOfPage":{"@id":"https:\/\/www.arkteos.com\/index.php\/accueil\/accueil__trashed\/nos-solutions__trashed\/geothermie\/application-geothermie\/#primaryimage"},"image":{"@id":"https:\/\/www.arkteos.com\/index.php\/accueil\/accueil__trashed\/nos-solutions__trashed\/geothermie\/application-geothermie\/#primaryimage"},"thumbnailUrl":"https:\/\/www.arkteos.com\/wp-content\/uploads\/2015\/12\/Application-geo.jpg","datePublished":"2015-12-09T08:24:55+00:00","dateModified":"2016-09-30T14:27:39+00:00","breadcrumb":{"@id":"https:\/\/www.arkteos.com\/index.php\/accueil\/accueil__trashed\/nos-solutions__trashed\/geothermie\/application-geothermie\/#breadcrumb"},"inLanguage":"fr-FR","potentialAction":[{"@type":"ReadAction","target":["https:\/\/www.arkteos.com\/index.php\/accueil\/accueil__trashed\/nos-solutions__trashed\/geothermie\/application-geothermie\/"]}]},{"@type":"ImageObject","inLanguage":"fr-FR","@id":"https:\/\/www.arkteos.com\/index.php\/accueil\/accueil__trashed\/nos-solutions__trashed\/geothermie\/application-geothermie\/#primaryimage","url":"https:\/\/www.arkteos.com\/wp-content\/uploads\/2015\/12\/Application-geo.jpg","contentUrl":"https:\/\/www.arkteos.com\/wp-content\/uploads\/2015\/12\/Application-geo.jpg"},{"@type":"BreadcrumbList","@id":"https:\/\/www.arkteos.com\/index.php\/accueil\/accueil__trashed\/nos-solutions__trashed\/geothermie\/application-geothermie\/#breadcrumb","itemListElement":[{"@type":"ListItem","position":1,"name":"Accueil","item":"https:\/\/www.arkteos.com\/"},{"@type":"ListItem","position":2,"name":"Accueil","item":"https:\/\/www.arkteos.com\/"},{"@type":"ListItem","position":3,"name":"G\u00e9othermie","item":"https:\/\/www.arkteos.com\/index.php\/accueil\/accueil__trashed\/nos-solutions__trashed\/geothermie\/"},{"@type":"ListItem","position":4,"name":"Application g\u00e9othermie"}]},{"@type":"WebSite","@id":"https:\/\/www.arkteos.com\/#website","url":"https:\/\/www.arkteos.com\/","name":"ARKTEOS","description":"FABRICANT FRANCAIS DE POMPE A CHALEUR","publisher":{"@id":"https:\/\/www.arkteos.com\/#organization"},"potentialAction":[{"@type":"SearchAction","target":{"@type":"EntryPoint","urlTemplate":"https:\/\/www.arkteos.com\/?s={search_term_string}"},"query-input":{"@type":"PropertyValueSpecification","valueRequired":true,"valueName":"search_term_string"}}],"inLanguage":"fr-FR"},{"@type":"Organization","@id":"https:\/\/www.arkteos.com\/#organization","name":"ARKTEOS","url":"https:\/\/www.arkteos.com\/","logo":{"@type":"ImageObject","inLanguage":"fr-FR","@id":"https:\/\/www.arkteos.com\/#\/schema\/logo\/image\/","url":"https:\/\/www.arkteos.com\/wp-content\/uploads\/2025\/09\/cropped-Logo_Arkteos_03.png","contentUrl":"https:\/\/www.arkteos.com\/wp-content\/uploads\/2025\/09\/cropped-Logo_Arkteos_03.png","width":400,"height":200,"caption":"ARKTEOS"},"image":{"@id":"https:\/\/www.arkteos.com\/#\/schema\/logo\/image\/"},"sameAs":["https:\/\/www.linkedin.com\/company\/26433823\/"]}]}},"_links":{"self":[{"href":"https:\/\/www.arkteos.com\/index.php\/wp-json\/wp\/v2\/pages\/733","targetHints":{"allow":["GET"]}}],"collection":[{"href":"https:\/\/www.arkteos.com\/index.php\/wp-json\/wp\/v2\/pages"}],"about":[{"href":"https:\/\/www.arkteos.com\/index.php\/wp-json\/wp\/v2\/types\/page"}],"author":[{"embeddable":true,"href":"https:\/\/www.arkteos.com\/index.php\/wp-json\/wp\/v2\/users\/1"}],"replies":[{"embeddable":true,"href":"https:\/\/www.arkteos.com\/index.php\/wp-json\/wp\/v2\/comments?post=733"}],"version-history":[{"count":7,"href":"https:\/\/www.arkteos.com\/index.php\/wp-json\/wp\/v2\/pages\/733\/revisions"}],"predecessor-version":[{"id":1495,"href":"https:\/\/www.arkteos.com\/index.php\/wp-json\/wp\/v2\/pages\/733\/revisions\/1495"}],"up":[{"embeddable":true,"href":"https:\/\/www.arkteos.com\/index.php\/wp-json\/wp\/v2\/pages\/672"}],"wp:attachment":[{"href":"https:\/\/www.arkteos.com\/index.php\/wp-json\/wp\/v2\/media?parent=733"}],"curies":[{"name":"wp","href":"https:\/\/api.w.org\/{rel}","templated":true}]}}