{"id":532,"date":"2015-12-02T15:20:05","date_gmt":"2015-12-02T14:20:05","guid":{"rendered":"http:\/\/arkteos.com\/?page_id=532"},"modified":"2025-12-09T17:15:33","modified_gmt":"2025-12-09T16:15:33","slug":"notre-engagement","status":"publish","type":"page","link":"https:\/\/www.arkteos.com\/index.php\/about-us\/notre-engagement\/","title":{"rendered":"Notre engagement"},"content":{"rendered":"<div id=\"pl-532\"  class=\"panel-layout\" ><div id=\"pg-532-0\"  class=\"panel-grid panel-no-style\" ><div id=\"pgc-532-0-0\"  class=\"panel-grid-cell\" ><div id=\"panel-532-0-0-0\" class=\"so-panel widget widget_black-studio-tinymce widget_black_studio_tinymce panel-first-child\" data-index=\"0\" ><div class=\"panel-widget-style panel-widget-style-for-532-0-0-0\" ><div class=\"textwidget\"><p>Depuis 2001, ARKTEOS con\u00e7oit, d\u00e9veloppe et fabrique des pompes \u00e0 chaleur pour le chauffage et l'eau chaude sanitaire. Acteur majeur et pr\u00e9curseur dans ce domaine, ARKTEOS articule sa strat\u00e9gie autour de 3 axes majeurs : INNOVATION, QUALIT\u00c9, SERVICE. Avec plus de 60.000 installations r\u00e9alis\u00e9es en France, ARKTEOS s\u2019impose comme une r\u00e9f\u00e9rence sur un march\u00e9 promis \u00e0 un avenir durable.<\/p>\n<p>\u00a0<\/p>\n<p>\u00a0<\/p>\n<\/div><\/div><\/div><div id=\"panel-532-0-0-1\" class=\"so-panel widget widget_black-studio-tinymce widget_black_studio_tinymce panel-last-child\" data-index=\"1\" ><div class=\"panel-widget-style panel-widget-style-for-532-0-0-1\" ><div class=\"textwidget\"><h4>NOTRE ENGAGEMENT<\/h4>\n<ul>\n<li>Vous offrir un confort de chauffage et d'utilisation en d\u00e9veloppant des pompes \u00e0 chaleur intelligentes et silencieuses.<\/li>\n<li>Vous permettre de r\u00e9aliser des \u00e9conomies gr\u00e2ce \u00e0 l'excellence des performances de nos produits.<\/li>\n<li>Vous apporter plus de s\u00e9r\u00e9nit\u00e9 en fabriquant des pompes \u00e0 chaleur de grande qualit\u00e9 dans nos ateliers de Gu\u00e9rande (44 - France).<\/li>\n<\/ul>\n<\/div><\/div><\/div><\/div><div id=\"pgc-532-0-1\"  class=\"panel-grid-cell\" ><div id=\"panel-532-0-1-0\" class=\"so-panel widget widget_black-studio-tinymce widget_black_studio_tinymce panel-first-child panel-last-child\" data-index=\"2\" ><div class=\"textwidget\"><p><a href=\"http:\/\/arkteos.com\/wp-content\/uploads\/2015\/12\/engagement3.jpg\"><img loading=\"lazy\" decoding=\"async\" class=\"alignnone wp-image-1117 size-large\" src=\"https:\/\/www.arkteos.com\/wp-content\/uploads\/2015\/12\/engagement3-1024x811.jpg\" alt=\"Business man shaking hands with female colleague and smiling during meeting\" width=\"1024\" height=\"811\" srcset=\"https:\/\/www.arkteos.com\/wp-content\/uploads\/2015\/12\/engagement3-1024x811.jpg 1024w, https:\/\/www.arkteos.com\/wp-content\/uploads\/2015\/12\/engagement3-300x238.jpg 300w, https:\/\/www.arkteos.com\/wp-content\/uploads\/2015\/12\/engagement3.jpg 1200w\" sizes=\"auto, (max-width: 1024px) 100vw, 1024px\" \/><\/a><\/p>\n<p><span style=\"border-radius: 2px; text-indent: 20px; width: auto; padding: 0px 4px 0px 0px; text-align: center; font: bold 11px\/20px 'Helvetica Neue',Helvetica,sans-serif; color: #ffffff; background: #bd081c  no-repeat scroll 3px 50% \/ 14px 14px; position: absolute; opacity: 1; z-index: 8675309; display: none; cursor: pointer; top: 26px; left: 20px;\">Enregistrer<\/span><\/p>\n<\/div><\/div><\/div><\/div><div id=\"pg-532-1\"  class=\"panel-grid panel-no-style\" ><div id=\"pgc-532-1-0\"  class=\"panel-grid-cell\" ><div id=\"panel-532-1-0-0\" class=\"so-panel widget widget_black-studio-tinymce widget_black_studio_tinymce panel-first-child panel-last-child\" data-index=\"3\" ><div class=\"panel-widget-style panel-widget-style-for-532-1-0-0\" ><h3 class=\"widget-title\"><span class=\"widget-title__inline\">Index \u00e9galit\u00e9 professionnelle homme-femme<\/span><\/h3><div class=\"textwidget\"><p>Pour parvenir \u00e0 l'\u00e9galit\u00e9 professionnelle entre les femmes et les hommes, la Loi pour la Libert\u00e9 de choisir son avenir professionnel du 5 septembre 2018 soumet les entreprises \u00e0 une obligation de r\u00e9sultat en cr\u00e9ant l'index de l'\u00e9galit\u00e9 professionnel Femmes-Hommes pour mesurer o\u00f9 en sont les entreprises sur le plan de l'\u00e9galit\u00e9 professionnelle. L'index de l'Egalit\u00e9 professionnelle se calcule suivant 4 indicateurs pour les entreprises de moins de 250 salari\u00e9s et il est not\u00e9 sur 100 points.<\/p>\n<ul>\n<li>L'\u00e9cart de r\u00e9mun\u00e9ration femmes- hommes, sur 40 points.<\/li>\n<li>L'\u00e9cart de r\u00e9partition des augmentations individuelles, sur 35 points.<\/li>\n<li>Le nombre de salari\u00e9es augment\u00e9es \u00e0 leur retour de cong\u00e9 de maternit\u00e9, sur 15 points.<\/li>\n<li>Le nombre de personnes du sexe sous-repr\u00e9sent\u00e9 parmi les 10 plus hautes r\u00e9mun\u00e9rations, sur 10 points.<\/li>\n<\/ul>\n<p>Avant le premier mars, chaque ann\u00e9e, les entreprises doivent publier sur leur site internet la note globale de l'index et la communiquer \u00e0 leur CSE ains qu'\u00e0 l'inspection du travail. Les entreprises dont l'index est inf\u00e9rieur \u00e0 75 points doivent prendre des mesures pour corriger la situation.<br \/>\nPour ARKTEOS, la note globale selon les 4 indicateurs pour l'ann\u00e9e 2023 n'est pas calculable.<\/p>\n<p><a href=\"https:\/\/www.arkteos.com\/wp-content\/uploads\/2024\/04\/Index-egalite-femme-homme.pdf\">2023 - Index-egalite-femme-homme (pdf)<\/a><\/p>\n<\/div><\/div><\/div><\/div><\/div><\/div>","protected":false},"excerpt":{"rendered":"<p>Depuis 2001, ARKTEOS con\u00e7oit, d\u00e9veloppe et fabrique des pompes \u00e0 chaleur pour le chauffage et l&rsquo;eau chaude sanitaire. Acteur majeur et pr\u00e9curseur dans ce domaine, ARKTEOS articule sa strat\u00e9gie autour de 3 axes majeurs : INNOVATION, QUALIT\u00c9, SERVICE. Avec plus de 60.000 installations r\u00e9alis\u00e9es en France, ARKTEOS s\u2019impose comme une r\u00e9f\u00e9rence sur un march\u00e9 promis [&hellip;]<\/p>\n","protected":false},"author":1,"featured_media":0,"parent":232,"menu_order":0,"comment_status":"closed","ping_status":"closed","template":"","meta":{"_acf_changed":false,"_exactmetrics_skip_tracking":false,"_exactmetrics_sitenote_active":false,"_exactmetrics_sitenote_note":"","_exactmetrics_sitenote_category":0,"footnotes":""},"class_list":["post-532","page","type-page","status-publish","hentry","post"],"acf":[],"yoast_head":"<!-- This site is optimized with the Yoast SEO plugin v26.0 - https:\/\/yoast.com\/wordpress\/plugins\/seo\/ -->\n<title>Notre engagement - ARKTEOS<\/title>\n<meta name=\"robots\" content=\"noindex, follow\" \/>\n<meta property=\"og:locale\" content=\"fr_FR\" \/>\n<meta property=\"og:type\" content=\"article\" \/>\n<meta property=\"og:title\" content=\"Notre engagement - ARKTEOS\" \/>\n<meta property=\"og:description\" content=\"Depuis 2001, ARKTEOS con\u00e7oit, d\u00e9veloppe et fabrique des pompes \u00e0 chaleur pour le chauffage et l&#039;eau chaude sanitaire. Acteur majeur et pr\u00e9curseur dans ce domaine, ARKTEOS articule sa strat\u00e9gie autour de 3 axes majeurs : INNOVATION, QUALIT\u00c9, SERVICE. Avec plus de 60.000 installations r\u00e9alis\u00e9es en France, ARKTEOS s\u2019impose comme une r\u00e9f\u00e9rence sur un march\u00e9 promis [&hellip;]\" \/>\n<meta property=\"og:url\" content=\"https:\/\/www.arkteos.com\/index.php\/about-us\/notre-engagement\/\" \/>\n<meta property=\"og:site_name\" content=\"ARKTEOS\" \/>\n<meta property=\"article:publisher\" content=\"https:\/\/www.linkedin.com\/company\/26433823\/\" \/>\n<meta property=\"article:modified_time\" content=\"2025-12-09T16:15:33+00:00\" \/>\n<meta property=\"og:image\" content=\"https:\/\/www.arkteos.com\/wp-content\/uploads\/2015\/12\/engagement3.jpg\" \/>\n\t<meta property=\"og:image:width\" content=\"1200\" \/>\n\t<meta property=\"og:image:height\" content=\"950\" \/>\n\t<meta property=\"og:image:type\" content=\"image\/jpeg\" \/>\n<meta name=\"twitter:card\" content=\"summary_large_image\" \/>\n<meta name=\"twitter:label1\" content=\"Dur\u00e9e de lecture estim\u00e9e\" \/>\n\t<meta name=\"twitter:data1\" content=\"2 minutes\" \/>\n<script type=\"application\/ld+json\" class=\"yoast-schema-graph\">{\"@context\":\"https:\/\/schema.org\",\"@graph\":[{\"@type\":\"WebPage\",\"@id\":\"https:\/\/www.arkteos.com\/index.php\/about-us\/notre-engagement\/\",\"url\":\"https:\/\/www.arkteos.com\/index.php\/about-us\/notre-engagement\/\",\"name\":\"Notre engagement - ARKTEOS\",\"isPartOf\":{\"@id\":\"https:\/\/www.arkteos.com\/#website\"},\"primaryImageOfPage\":{\"@id\":\"https:\/\/www.arkteos.com\/index.php\/about-us\/notre-engagement\/#primaryimage\"},\"image\":{\"@id\":\"https:\/\/www.arkteos.com\/index.php\/about-us\/notre-engagement\/#primaryimage\"},\"thumbnailUrl\":\"https:\/\/www.arkteos.com\/wp-content\/uploads\/2015\/12\/engagement3-1024x811.jpg\",\"datePublished\":\"2015-12-02T14:20:05+00:00\",\"dateModified\":\"2025-12-09T16:15:33+00:00\",\"breadcrumb\":{\"@id\":\"https:\/\/www.arkteos.com\/index.php\/about-us\/notre-engagement\/#breadcrumb\"},\"inLanguage\":\"fr-FR\",\"potentialAction\":[{\"@type\":\"ReadAction\",\"target\":[\"https:\/\/www.arkteos.com\/index.php\/about-us\/notre-engagement\/\"]}]},{\"@type\":\"ImageObject\",\"inLanguage\":\"fr-FR\",\"@id\":\"https:\/\/www.arkteos.com\/index.php\/about-us\/notre-engagement\/#primaryimage\",\"url\":\"https:\/\/www.arkteos.com\/wp-content\/uploads\/2015\/12\/engagement3.jpg\",\"contentUrl\":\"https:\/\/www.arkteos.com\/wp-content\/uploads\/2015\/12\/engagement3.jpg\",\"width\":1200,\"height\":950,\"caption\":\"Business man shaking hands with female colleague and smiling during meeting\"},{\"@type\":\"BreadcrumbList\",\"@id\":\"https:\/\/www.arkteos.com\/index.php\/about-us\/notre-engagement\/#breadcrumb\",\"itemListElement\":[{\"@type\":\"ListItem\",\"position\":1,\"name\":\"Accueil\",\"item\":\"https:\/\/www.arkteos.com\/\"},{\"@type\":\"ListItem\",\"position\":2,\"name\":\"Qui sommes nous\",\"item\":\"https:\/\/www.arkteos.com\/index.php\/about-us\/\"},{\"@type\":\"ListItem\",\"position\":3,\"name\":\"Notre engagement\"}]},{\"@type\":\"WebSite\",\"@id\":\"https:\/\/www.arkteos.com\/#website\",\"url\":\"https:\/\/www.arkteos.com\/\",\"name\":\"ARKTEOS\",\"description\":\"FABRICANT FRANCAIS DE POMPE A CHALEUR\",\"publisher\":{\"@id\":\"https:\/\/www.arkteos.com\/#organization\"},\"potentialAction\":[{\"@type\":\"SearchAction\",\"target\":{\"@type\":\"EntryPoint\",\"urlTemplate\":\"https:\/\/www.arkteos.com\/?s={search_term_string}\"},\"query-input\":{\"@type\":\"PropertyValueSpecification\",\"valueRequired\":true,\"valueName\":\"search_term_string\"}}],\"inLanguage\":\"fr-FR\"},{\"@type\":\"Organization\",\"@id\":\"https:\/\/www.arkteos.com\/#organization\",\"name\":\"ARKTEOS\",\"url\":\"https:\/\/www.arkteos.com\/\",\"logo\":{\"@type\":\"ImageObject\",\"inLanguage\":\"fr-FR\",\"@id\":\"https:\/\/www.arkteos.com\/#\/schema\/logo\/image\/\",\"url\":\"https:\/\/www.arkteos.com\/wp-content\/uploads\/2025\/09\/cropped-Logo_Arkteos_03.png\",\"contentUrl\":\"https:\/\/www.arkteos.com\/wp-content\/uploads\/2025\/09\/cropped-Logo_Arkteos_03.png\",\"width\":400,\"height\":200,\"caption\":\"ARKTEOS\"},\"image\":{\"@id\":\"https:\/\/www.arkteos.com\/#\/schema\/logo\/image\/\"},\"sameAs\":[\"https:\/\/www.linkedin.com\/company\/26433823\/\"]}]}<\/script>\n<!-- \/ Yoast SEO plugin. -->","yoast_head_json":{"title":"Notre engagement - ARKTEOS","robots":{"index":"noindex","follow":"follow"},"og_locale":"fr_FR","og_type":"article","og_title":"Notre engagement - ARKTEOS","og_description":"Depuis 2001, ARKTEOS con\u00e7oit, d\u00e9veloppe et fabrique des pompes \u00e0 chaleur pour le chauffage et l'eau chaude sanitaire. Acteur majeur et pr\u00e9curseur dans ce domaine, ARKTEOS articule sa strat\u00e9gie autour de 3 axes majeurs : INNOVATION, QUALIT\u00c9, SERVICE. Avec plus de 60.000 installations r\u00e9alis\u00e9es en France, ARKTEOS s\u2019impose comme une r\u00e9f\u00e9rence sur un march\u00e9 promis [&hellip;]","og_url":"https:\/\/www.arkteos.com\/index.php\/about-us\/notre-engagement\/","og_site_name":"ARKTEOS","article_publisher":"https:\/\/www.linkedin.com\/company\/26433823\/","article_modified_time":"2025-12-09T16:15:33+00:00","og_image":[{"width":1200,"height":950,"url":"https:\/\/www.arkteos.com\/wp-content\/uploads\/2015\/12\/engagement3.jpg","type":"image\/jpeg"}],"twitter_card":"summary_large_image","twitter_misc":{"Dur\u00e9e de lecture estim\u00e9e":"2 minutes"},"schema":{"@context":"https:\/\/schema.org","@graph":[{"@type":"WebPage","@id":"https:\/\/www.arkteos.com\/index.php\/about-us\/notre-engagement\/","url":"https:\/\/www.arkteos.com\/index.php\/about-us\/notre-engagement\/","name":"Notre engagement - ARKTEOS","isPartOf":{"@id":"https:\/\/www.arkteos.com\/#website"},"primaryImageOfPage":{"@id":"https:\/\/www.arkteos.com\/index.php\/about-us\/notre-engagement\/#primaryimage"},"image":{"@id":"https:\/\/www.arkteos.com\/index.php\/about-us\/notre-engagement\/#primaryimage"},"thumbnailUrl":"https:\/\/www.arkteos.com\/wp-content\/uploads\/2015\/12\/engagement3-1024x811.jpg","datePublished":"2015-12-02T14:20:05+00:00","dateModified":"2025-12-09T16:15:33+00:00","breadcrumb":{"@id":"https:\/\/www.arkteos.com\/index.php\/about-us\/notre-engagement\/#breadcrumb"},"inLanguage":"fr-FR","potentialAction":[{"@type":"ReadAction","target":["https:\/\/www.arkteos.com\/index.php\/about-us\/notre-engagement\/"]}]},{"@type":"ImageObject","inLanguage":"fr-FR","@id":"https:\/\/www.arkteos.com\/index.php\/about-us\/notre-engagement\/#primaryimage","url":"https:\/\/www.arkteos.com\/wp-content\/uploads\/2015\/12\/engagement3.jpg","contentUrl":"https:\/\/www.arkteos.com\/wp-content\/uploads\/2015\/12\/engagement3.jpg","width":1200,"height":950,"caption":"Business man shaking hands with female colleague and smiling during meeting"},{"@type":"BreadcrumbList","@id":"https:\/\/www.arkteos.com\/index.php\/about-us\/notre-engagement\/#breadcrumb","itemListElement":[{"@type":"ListItem","position":1,"name":"Accueil","item":"https:\/\/www.arkteos.com\/"},{"@type":"ListItem","position":2,"name":"Qui sommes nous","item":"https:\/\/www.arkteos.com\/index.php\/about-us\/"},{"@type":"ListItem","position":3,"name":"Notre engagement"}]},{"@type":"WebSite","@id":"https:\/\/www.arkteos.com\/#website","url":"https:\/\/www.arkteos.com\/","name":"ARKTEOS","description":"FABRICANT FRANCAIS DE POMPE A CHALEUR","publisher":{"@id":"https:\/\/www.arkteos.com\/#organization"},"potentialAction":[{"@type":"SearchAction","target":{"@type":"EntryPoint","urlTemplate":"https:\/\/www.arkteos.com\/?s={search_term_string}"},"query-input":{"@type":"PropertyValueSpecification","valueRequired":true,"valueName":"search_term_string"}}],"inLanguage":"fr-FR"},{"@type":"Organization","@id":"https:\/\/www.arkteos.com\/#organization","name":"ARKTEOS","url":"https:\/\/www.arkteos.com\/","logo":{"@type":"ImageObject","inLanguage":"fr-FR","@id":"https:\/\/www.arkteos.com\/#\/schema\/logo\/image\/","url":"https:\/\/www.arkteos.com\/wp-content\/uploads\/2025\/09\/cropped-Logo_Arkteos_03.png","contentUrl":"https:\/\/www.arkteos.com\/wp-content\/uploads\/2025\/09\/cropped-Logo_Arkteos_03.png","width":400,"height":200,"caption":"ARKTEOS"},"image":{"@id":"https:\/\/www.arkteos.com\/#\/schema\/logo\/image\/"},"sameAs":["https:\/\/www.linkedin.com\/company\/26433823\/"]}]}},"_links":{"self":[{"href":"https:\/\/www.arkteos.com\/index.php\/wp-json\/wp\/v2\/pages\/532","targetHints":{"allow":["GET"]}}],"collection":[{"href":"https:\/\/www.arkteos.com\/index.php\/wp-json\/wp\/v2\/pages"}],"about":[{"href":"https:\/\/www.arkteos.com\/index.php\/wp-json\/wp\/v2\/types\/page"}],"author":[{"embeddable":true,"href":"https:\/\/www.arkteos.com\/index.php\/wp-json\/wp\/v2\/users\/1"}],"replies":[{"embeddable":true,"href":"https:\/\/www.arkteos.com\/index.php\/wp-json\/wp\/v2\/comments?post=532"}],"version-history":[{"count":6,"href":"https:\/\/www.arkteos.com\/index.php\/wp-json\/wp\/v2\/pages\/532\/revisions"}],"predecessor-version":[{"id":5223,"href":"https:\/\/www.arkteos.com\/index.php\/wp-json\/wp\/v2\/pages\/532\/revisions\/5223"}],"up":[{"embeddable":true,"href":"https:\/\/www.arkteos.com\/index.php\/wp-json\/wp\/v2\/pages\/232"}],"wp:attachment":[{"href":"https:\/\/www.arkteos.com\/index.php\/wp-json\/wp\/v2\/media?parent=532"}],"curies":[{"name":"wp","href":"https:\/\/api.w.org\/{rel}","templated":true}]}}