{"id":4883,"date":"2025-09-30T08:37:15","date_gmt":"2025-09-30T07:37:15","guid":{"rendered":"https:\/\/www.arkteos.com\/?page_id=4883"},"modified":"2026-04-16T13:56:46","modified_gmt":"2026-04-16T12:56:46","slug":"telechargements","status":"publish","type":"page","link":"https:\/\/www.arkteos.com\/index.php\/accueil\/telechargements\/","title":{"rendered":"Documentation"},"content":{"rendered":"<div id=\"pl-4883\"  class=\"panel-layout\" ><div id=\"pg-4883-0\"  class=\"panel-grid panel-no-style\" ><div id=\"pgc-4883-0-0\"  class=\"panel-grid-cell\" ><div id=\"panel-4883-0-0-0\" class=\"so-panel widget widget_sow-editor panel-first-child panel-last-child\" data-index=\"0\" ><div\n\t\t\t\n\t\t\tclass=\"so-widget-sow-editor so-widget-sow-editor-base\"\n\t\t\t\n\t\t>\n<div class=\"siteorigin-widget-tinymce textwidget\">\n\t<p data-start=\"195\" data-end=\"355\">Bienvenue dans l\u2019espace <strong data-start=\"219\" data-end=\"244\">documentation ARKTEOS<\/strong>.<br data-start=\"245\" data-end=\"248\" \/>Retrouvez ici l\u2019ensemble des documents utiles pour d\u00e9couvrir, installer et utiliser nos pompes \u00e0 chaleur.<\/p>\n<p data-start=\"357\" data-end=\"393\">Nous mettons \u00e0 votre disposition :<\/p>\n<ul data-start=\"395\" data-end=\"808\">\n<li data-start=\"395\" data-end=\"515\">\n<p data-start=\"397\" data-end=\"515\"><strong data-start=\"397\" data-end=\"440\">Manuels d\u2019installation et d\u2019utilisation<\/strong> : guides complets pour une mise en service et une maintenance optimales.<\/p>\n<\/li>\n<li data-start=\"516\" data-end=\"609\">\n<p data-start=\"518\" data-end=\"609\"><strong data-start=\"518\" data-end=\"545\">Plaquettes commerciales<\/strong> : pr\u00e9sentation claire de nos solutions et de leurs avantages.<\/p>\n<\/li>\n<li data-start=\"610\" data-end=\"692\">\n<p data-start=\"612\" data-end=\"692\"><strong data-start=\"612\" data-end=\"622\">Flyers<\/strong> : supports synth\u00e9tiques \u00e0 partager avec vos clients et partenaires.<\/p>\n<\/li>\n<li data-start=\"693\" data-end=\"808\">\n<p data-start=\"695\" data-end=\"808\"><strong data-start=\"695\" data-end=\"725\">Fiches produits d\u00e9taill\u00e9es<\/strong> : informations techniques pr\u00e9cises sur chaque mod\u00e8le de pompe \u00e0 chaleur ARKTEOS.<\/p>\n<\/li>\n<\/ul>\n<p data-start=\"810\" data-end=\"967\">Tous nos documents sont t\u00e9l\u00e9chargeables gratuitement afin de vous accompagner au mieux, que vous soyez <strong data-start=\"913\" data-end=\"964\">installateur, distributeur ou utilisateur final<\/strong>.<\/p>\n<\/div>\n<\/div><\/div><\/div><\/div><div id=\"pg-4883-1\"  class=\"panel-grid panel-no-style\" ><div id=\"pgc-4883-1-0\"  class=\"panel-grid-cell\" ><div id=\"panel-4883-1-0-0\" class=\"so-panel widget widget_sow-editor panel-first-child\" data-index=\"1\" ><div\n\t\t\t\n\t\t\tclass=\"so-widget-sow-editor so-widget-sow-editor-base\"\n\t\t\t\n\t\t>\n<div class=\"siteorigin-widget-tinymce textwidget\">\n\t<h6>Manuel d'installation &amp; d'utilisation<\/h6>\n<h3>PAC air\/eau<\/h3>\n<hr \/>\n<h4><\/h4>\n<\/div>\n<\/div><\/div><div id=\"panel-4883-1-0-1\" class=\"so-panel widget widget_sow-button\" data-index=\"2\" ><div\n\t\t\t\n\t\t\tclass=\"so-widget-sow-button so-widget-sow-button-wire-faab5eb4082b-4883\"\n\t\t\t\n\t\t><div class=\"ow-button-base ow-button-align-justify\"\n style=\"display: block;\">\n\t\t\t<a\n\t\t\t\t\thref=\"https:\/\/drive.google.com\/drive\/folders\/1ME44g1Tifti85Ds-NxNiv5CvRwGcaFQ-?usp=share_link\"\n\t\t\t\t\tclass=\"sowb-button ow-icon-placement-left ow-button-hover\" target=\"_blank\" rel=\"noopener noreferrer\" \t>\n\t\t<span>\n\t\t\t\n\t\t\tBAGUIO4 ECO - R32\t\t<\/span>\n\t\t\t<\/a>\n\t<\/div>\n<\/div><\/div><div id=\"panel-4883-1-0-2\" class=\"so-panel widget widget_sow-button\" data-index=\"3\" ><div\n\t\t\t\n\t\t\tclass=\"so-widget-sow-button so-widget-sow-button-wire-489b28d5c38c-4883\"\n\t\t\t\n\t\t><div class=\"ow-button-base ow-button-align-justify\"\n style=\"display: block;\">\n\t\t\t<a\n\t\t\t\t\thref=\"https:\/\/drive.google.com\/drive\/folders\/1YAGNy2vwakSIZv5qEbgJ8PFEnYnG3M8L?usp=share_link\"\n\t\t\t\t\tclass=\"sowb-button ow-icon-placement-left ow-button-hover\" target=\"_blank\" rel=\"noopener noreferrer\" \t>\n\t\t<span>\n\t\t\t\n\t\t\tBAGUIO4 POWER - R32\t\t<\/span>\n\t\t\t<\/a>\n\t<\/div>\n<\/div><\/div><div id=\"panel-4883-1-0-3\" class=\"so-panel widget widget_sow-button\" data-index=\"4\" ><div\n\t\t\t\n\t\t\tclass=\"so-widget-sow-button so-widget-sow-button-wire-4b01e66dc182-4883\"\n\t\t\t\n\t\t><div class=\"ow-button-base ow-button-align-justify\"\n style=\"display: block;\">\n\t\t\t<a\n\t\t\t\t\thref=\"https:\/\/drive.google.com\/drive\/folders\/1fWNDpOEMDO9-fha2LwmTfh7eXg57c0Om?usp=share_link\"\n\t\t\t\t\tclass=\"sowb-button ow-icon-placement-left ow-button-hover\" \t>\n\t\t<span>\n\t\t\t\n\t\t\tZURAN4 - R32\t\t<\/span>\n\t\t\t<\/a>\n\t<\/div>\n<\/div><\/div><div id=\"panel-4883-1-0-4\" class=\"so-panel widget widget_sow-button\" data-index=\"5\" ><div\n\t\t\t\n\t\t\tclass=\"so-widget-sow-button so-widget-sow-button-wire-4d30d90f547a-4883\"\n\t\t\t\n\t\t><div class=\"ow-button-base ow-button-align-justify\"\n style=\"display: block;\">\n\t\t\t<a\n\t\t\t\t\thref=\"https:\/\/drive.google.com\/drive\/folders\/1OnG9urxnCeYP-XotpWq8-mBqxJ6kQC7e?usp=share_link\"\n\t\t\t\t\tclass=\"sowb-button ow-icon-placement-left ow-button-hover\" target=\"_blank\" rel=\"noopener noreferrer\" \t>\n\t\t<span>\n\t\t\t\n\t\t\tAJPAC3 - R410a\/R134c\t\t<\/span>\n\t\t\t<\/a>\n\t<\/div>\n<\/div><\/div><div id=\"panel-4883-1-0-5\" class=\"so-panel widget widget_sow-button panel-last-child\" data-index=\"6\" ><div\n\t\t\t\n\t\t\tclass=\"so-widget-sow-button so-widget-sow-button-wire-02e93894c9b8-4883\"\n\t\t\t\n\t\t><div class=\"ow-button-base ow-button-align-justify\"\n style=\"display: block;\">\n\t\t\t<a\n\t\t\t\t\thref=\"https:\/\/drive.google.com\/drive\/folders\/1qoVrczeU2SwbnoXxMEwzLjw8p6CuFXKI?usp=share_link\"\n\t\t\t\t\tclass=\"sowb-button ow-icon-placement-left ow-button-hover\" \t>\n\t\t<span>\n\t\t\t\n\t\t\tTIMAX3 - R32\t\t<\/span>\n\t\t\t<\/a>\n\t<\/div>\n<\/div><\/div><\/div><div id=\"pgc-4883-1-1\"  class=\"panel-grid-cell\" ><div id=\"panel-4883-1-1-0\" class=\"so-panel widget widget_sow-editor panel-first-child\" data-index=\"7\" ><div\n\t\t\t\n\t\t\tclass=\"so-widget-sow-editor so-widget-sow-editor-base\"\n\t\t\t\n\t\t>\n<div class=\"siteorigin-widget-tinymce textwidget\">\n\t<h6>Manuel d'installation &amp; d'utilisation<\/h6>\n<h3>PAC eau (glycol\u00e9e)\/eau<\/h3>\n<hr \/>\n<h4><\/h4>\n<\/div>\n<\/div><\/div><div id=\"panel-4883-1-1-1\" class=\"so-panel widget widget_sow-button\" data-index=\"8\" ><div\n\t\t\t\n\t\t\tclass=\"so-widget-sow-button so-widget-sow-button-wire-4f2bd56bd018-4883\"\n\t\t\t\n\t\t><div class=\"ow-button-base ow-button-align-justify\"\n style=\"display: block;\">\n\t\t\t<a\n\t\t\t\t\thref=\"https:\/\/drive.google.com\/drive\/folders\/1-evToPGCKi7aHqQnNkUkUute2yWWVa7c?usp=share_link\"\n\t\t\t\t\tclass=\"sowb-button ow-icon-placement-left ow-button-hover\" target=\"_blank\" rel=\"noopener noreferrer\" \t>\n\t\t<span>\n\t\t\t\n\t\t\tINVERTERRA - R454c\t\t<\/span>\n\t\t\t<\/a>\n\t<\/div>\n<\/div><\/div><div id=\"panel-4883-1-1-2\" class=\"so-panel widget widget_sow-button\" data-index=\"9\" ><div\n\t\t\t\n\t\t\tclass=\"so-widget-sow-button so-widget-sow-button-wire-f04102fd12fd-4883\"\n\t\t\t\n\t\t><div class=\"ow-button-base ow-button-align-justify\"\n style=\"display: block;\">\n\t\t\t<a\n\t\t\t\t\thref=\"https:\/\/drive.google.com\/drive\/folders\/1H4fz9aPwQKChN6o378_TNm-ivdl_fhSH?usp=share_link\"\n\t\t\t\t\tclass=\"sowb-button ow-icon-placement-left ow-button-hover\" target=\"_blank\" rel=\"noopener noreferrer\" \t>\n\t\t<span>\n\t\t\t\n\t\t\tGEOTWIN4 STD - R407c\t\t<\/span>\n\t\t\t<\/a>\n\t<\/div>\n<\/div><\/div><div id=\"panel-4883-1-1-3\" class=\"so-panel widget widget_sow-button\" data-index=\"10\" ><div\n\t\t\t\n\t\t\tclass=\"so-widget-sow-button so-widget-sow-button-wire-ee83f7fe4670-4883\"\n\t\t\t\n\t\t><div class=\"ow-button-base ow-button-align-justify\"\n style=\"display: block;\">\n\t\t\t<a\n\t\t\t\t\thref=\"https:\/\/drive.google.com\/drive\/folders\/15IsGIa7S7N0pFfjg1HuYRxAGEaVFBPwG?usp=share_link\"\n\t\t\t\t\tclass=\"sowb-button ow-icon-placement-left ow-button-hover\" target=\"_blank\" rel=\"noopener noreferrer\" \t>\n\t\t<span>\n\t\t\t\n\t\t\tGEOTWIN4 ECS - R407c\t\t<\/span>\n\t\t\t<\/a>\n\t<\/div>\n<\/div><\/div><div id=\"panel-4883-1-1-4\" class=\"so-panel widget widget_sow-button\" data-index=\"11\" ><div\n\t\t\t\n\t\t\tclass=\"so-widget-sow-button so-widget-sow-button-wire-91c401ff82c7-4883\"\n\t\t\t\n\t\t><div class=\"ow-button-base ow-button-align-justify\"\n style=\"display: block;\">\n\t\t\t<a\n\t\t\t\t\thref=\"https:\/\/drive.google.com\/drive\/folders\/18LJZLxn26dufWNLIbZxfp335Jw0zhTWq?usp=share_link\"\n\t\t\t\t\tclass=\"sowb-button ow-icon-placement-left ow-button-hover\" target=\"_blank\" rel=\"noopener noreferrer\" \t>\n\t\t<span>\n\t\t\t\n\t\t\tGEOTWIN4 HPF - R410a\t\t<\/span>\n\t\t\t<\/a>\n\t<\/div>\n<\/div><\/div><div id=\"panel-4883-1-1-5\" class=\"so-panel widget widget_sow-button\" data-index=\"12\" ><div\n\t\t\t\n\t\t\tclass=\"so-widget-sow-button so-widget-sow-button-wire-91c401ff82c7-4883\"\n\t\t\t\n\t\t><div class=\"ow-button-base ow-button-align-justify\"\n style=\"display: block;\">\n\t\t\t<a\n\t\t\t\t\thref=\"https:\/\/drive.google.com\/drive\/folders\/1-XZZ9opZmrL_RNrLYAxqg1TfET9ujvQm?usp=share_link\"\n\t\t\t\t\tclass=\"sowb-button ow-icon-placement-left ow-button-hover\" \t>\n\t\t<span>\n\t\t\t\n\t\t\tGEOTWIN4 NAPPE - R407c\t\t<\/span>\n\t\t\t<\/a>\n\t<\/div>\n<\/div><\/div><div id=\"panel-4883-1-1-6\" class=\"so-panel widget widget_sow-button panel-last-child\" data-index=\"13\" ><div\n\t\t\t\n\t\t\tclass=\"so-widget-sow-button so-widget-sow-button-wire-5f1489b28747-4883\"\n\t\t\t\n\t\t><div class=\"ow-button-base ow-button-align-justify\"\n style=\"display: block;\">\n\t\t\t<a\n\t\t\t\t\thref=\"https:\/\/drive.google.com\/drive\/folders\/1ajUbWe9SiZ5OOdAaO4oR8EbOcxVg3pKP?usp=share_link\"\n\t\t\t\t\tclass=\"sowb-button ow-icon-placement-left ow-button-hover\" download=\"\" \t>\n\t\t<span>\n\t\t\t\n\t\t\tINVELIA - R454c\t\t<\/span>\n\t\t\t<\/a>\n\t<\/div>\n<\/div><\/div><\/div><div id=\"pgc-4883-1-2\"  class=\"panel-grid-cell\" ><div id=\"panel-4883-1-2-0\" class=\"so-panel widget widget_sow-editor panel-first-child\" data-index=\"14\" ><div\n\t\t\t\n\t\t\tclass=\"so-widget-sow-editor so-widget-sow-editor-base\"\n\t\t\t\n\t\t>\n<div class=\"siteorigin-widget-tinymce textwidget\">\n\t<h6>Manuel d'installation &amp; d'utilisation<\/h6>\n<h3>Autres - Accessoires<\/h3>\n<hr \/>\n<h4><\/h4>\n<\/div>\n<\/div><\/div><div id=\"panel-4883-1-2-1\" class=\"so-panel widget widget_sow-button panel-last-child\" data-index=\"15\" ><div\n\t\t\t\n\t\t\tclass=\"so-widget-sow-button so-widget-sow-button-wire-57420deb401d-4883\"\n\t\t\t\n\t\t><div class=\"ow-button-base ow-button-align-justify\"\n style=\"display: block;\">\n\t\t\t<a\n\t\t\t\t\thref=\"https:\/\/drive.google.com\/drive\/folders\/1jBgS36EiW22LpDc4zJMnMS1kl_p6Xaz3?usp=sharing\"\n\t\t\t\t\tclass=\"sowb-button ow-icon-placement-left ow-button-hover\" target=\"_blank\" rel=\"noopener noreferrer\" download=\"\" \t>\n\t\t<span>\n\t\t\t\n\t\t\tGAINABLE\t\t<\/span>\n\t\t\t<\/a>\n\t<\/div>\n<\/div><\/div><\/div><\/div><div id=\"pg-4883-2\"  class=\"panel-grid panel-no-style\" ><div id=\"pgc-4883-2-0\"  class=\"panel-grid-cell\" ><div id=\"panel-4883-2-0-0\" class=\"so-panel widget widget_sow-editor panel-first-child\" data-index=\"16\" ><div\n\t\t\t\n\t\t\tclass=\"so-widget-sow-editor so-widget-sow-editor-base\"\n\t\t\t\n\t\t>\n<div class=\"siteorigin-widget-tinymce textwidget\">\n\t<h4>Plaquettes Commerciales - Flyers<\/h4>\n<hr \/>\n<h4><\/h4>\n<\/div>\n<\/div><\/div><div id=\"panel-4883-2-0-1\" class=\"so-panel widget widget_sow-button\" data-index=\"17\" ><div\n\t\t\t\n\t\t\tclass=\"so-widget-sow-button so-widget-sow-button-wire-02e93894c9b8-4883\"\n\t\t\t\n\t\t><div class=\"ow-button-base ow-button-align-justify\"\n style=\"display: block;\">\n\t\t\t<a\n\t\t\t\t\thref=\"https:\/\/drive.google.com\/file\/d\/1hCuz9ApeL_dBicg6DtYcMSWkiDkHeYhg\/view?usp=share_link\"\n\t\t\t\t\tclass=\"sowb-button ow-icon-placement-left ow-button-hover\" target=\"_blank\" rel=\"noopener noreferrer\" download=\"\" \t>\n\t\t<span>\n\t\t\t\n\t\t\tAEROTHERMIE\t\t<\/span>\n\t\t\t<\/a>\n\t<\/div>\n<\/div><\/div><div id=\"panel-4883-2-0-2\" class=\"so-panel widget widget_sow-button\" data-index=\"18\" ><div\n\t\t\t\n\t\t\tclass=\"so-widget-sow-button so-widget-sow-button-wire-4f2bd56bd018-4883\"\n\t\t\t\n\t\t><div class=\"ow-button-base ow-button-align-justify\"\n style=\"display: block;\">\n\t\t\t<a\n\t\t\t\t\thref=\"https:\/\/drive.google.com\/file\/d\/10frT85SXqIaWE4BNdUlqx02a32IdUq_c\/view?usp=share_link\"\n\t\t\t\t\tclass=\"sowb-button ow-icon-placement-left ow-button-hover\" target=\"_blank\" rel=\"noopener noreferrer\" \t>\n\t\t<span>\n\t\t\t\n\t\t\tGEOTHERMIE\t\t<\/span>\n\t\t\t<\/a>\n\t<\/div>\n<\/div><\/div><div id=\"panel-4883-2-0-3\" class=\"so-panel widget widget_sow-button\" data-index=\"19\" ><div\n\t\t\t\n\t\t\tclass=\"so-widget-sow-button so-widget-sow-button-wire-5f1489b28747-4883\"\n\t\t\t\n\t\t><div class=\"ow-button-base ow-button-align-justify\"\n style=\"display: block;\">\n\t\t\t<a\n\t\t\t\t\thref=\"https:\/\/drive.google.com\/file\/d\/1RnpMOblAlAc0oaYqN5xgTHnnKQiJAhhC\/view\"\n\t\t\t\t\tclass=\"sowb-button ow-icon-placement-left ow-button-hover\" target=\"_blank\" rel=\"noopener noreferrer\" \t>\n\t\t<span>\n\t\t\t\n\t\t\tSOLAROTHERMIE\t\t<\/span>\n\t\t\t<\/a>\n\t<\/div>\n<\/div><\/div><div id=\"panel-4883-2-0-4\" class=\"so-panel widget widget_sow-button\" data-index=\"20\" ><div\n\t\t\t\n\t\t\tclass=\"so-widget-sow-button so-widget-sow-button-wire-57420deb401d-4883\"\n\t\t\t\n\t\t><div class=\"ow-button-base ow-button-align-justify\"\n style=\"display: block;\">\n\t\t\t<a\n\t\t\t\t\thref=\"https:\/\/drive.google.com\/file\/d\/11nAe_7a6Arrh44sEYc-1c05UMngRqVNu\/view?usp=drive_link\"\n\t\t\t\t\tclass=\"sowb-button ow-icon-placement-left ow-button-hover\" target=\"_blank\" rel=\"noopener noreferrer\" \t>\n\t\t<span>\n\t\t\t\n\t\t\tGAINABLE\t\t<\/span>\n\t\t\t<\/a>\n\t<\/div>\n<\/div><\/div><div id=\"panel-4883-2-0-5\" class=\"so-panel widget widget_sow-button panel-last-child\" data-index=\"21\" ><div\n\t\t\t\n\t\t\tclass=\"so-widget-sow-button so-widget-sow-button-wire-eba3a92daec7-4883\"\n\t\t\t\n\t\t><div class=\"ow-button-base ow-button-align-justify\"\n style=\"display: block;\">\n\t\t\t<a\n\t\t\t\t\thref=\"https:\/\/drive.google.com\/drive\/folders\/1e-Js1lNDjKIrxiSP7IN-SExuUdqlMMLt?usp=sharing\"\n\t\t\t\t\tclass=\"sowb-button ow-icon-placement-left ow-button-hover\" target=\"_blank\" rel=\"noopener noreferrer\" download=\"\" \t>\n\t\t<span>\n\t\t\t\n\t\t\tFLYERS - FICHE PRODUITS\t\t<\/span>\n\t\t\t<\/a>\n\t<\/div>\n<\/div><\/div><\/div><div id=\"pgc-4883-2-1\"  class=\"panel-grid-cell\" ><div id=\"panel-4883-2-1-0\" class=\"so-panel widget widget_sow-editor panel-first-child\" data-index=\"22\" ><div\n\t\t\t\n\t\t\tclass=\"so-widget-sow-editor so-widget-sow-editor-base\"\n\t\t\t\n\t\t>\n<div class=\"siteorigin-widget-tinymce textwidget\">\n\t<h4>Archives<\/h4>\n<hr \/>\n<h4><\/h4>\n<\/div>\n<\/div><\/div><div id=\"panel-4883-2-1-1\" class=\"so-panel widget widget_sow-button\" data-index=\"23\" ><div\n\t\t\t\n\t\t\tclass=\"so-widget-sow-button so-widget-sow-button-wire-eba3a92daec7-4883\"\n\t\t\t\n\t\t><div class=\"ow-button-base ow-button-align-justify\"\n style=\"display: block;\">\n\t\t\t<a\n\t\t\t\t\thref=\"https:\/\/drive.google.com\/drive\/folders\/1ps39zJhvZXrmXDUHIukSUeIKaLXRrTMj?usp=share_link\"\n\t\t\t\t\tclass=\"sowb-button ow-icon-placement-left ow-button-hover\" download=\"\" \t>\n\t\t<span>\n\t\t\t\n\t\t\tPAC REG2\t\t<\/span>\n\t\t\t<\/a>\n\t<\/div>\n<\/div><\/div><div id=\"panel-4883-2-1-2\" class=\"so-panel widget widget_sow-button panel-last-child\" data-index=\"24\" ><div\n\t\t\t\n\t\t\tclass=\"so-widget-sow-button so-widget-sow-button-wire-eba3a92daec7-4883\"\n\t\t\t\n\t\t><div class=\"ow-button-base ow-button-align-justify\"\n style=\"display: block;\">\n\t\t\t<a\n\t\t\t\t\thref=\"https:\/\/drive.google.com\/drive\/folders\/1rc3yw_Hf-OkuuEWyd8BUXN_QvdMbw6k4?usp=share_link\"\n\t\t\t\t\tclass=\"sowb-button ow-icon-placement-left ow-button-hover\" download=\"\" \t>\n\t\t<span>\n\t\t\t\n\t\t\tPAC REG3\t\t<\/span>\n\t\t\t<\/a>\n\t<\/div>\n<\/div><\/div><\/div><div id=\"pgc-4883-2-2\"  class=\"panel-grid-cell\" ><div id=\"panel-4883-2-2-0\" class=\"so-panel widget widget_sow-editor panel-first-child\" data-index=\"25\" ><div\n\t\t\t\n\t\t\tclass=\"so-widget-sow-editor so-widget-sow-editor-base\"\n\t\t\t\n\t\t>\n<div class=\"siteorigin-widget-tinymce textwidget\">\n\t<h4>N\u00b0 EPREL<\/h4>\n<hr \/>\n<h4><\/h4>\n<\/div>\n<\/div><\/div><div id=\"panel-4883-2-2-1\" class=\"so-panel widget widget_sow-button panel-last-child\" data-index=\"26\" ><div\n\t\t\t\n\t\t\tclass=\"so-widget-sow-button so-widget-sow-button-wire-eba3a92daec7-4883\"\n\t\t\t\n\t\t><div class=\"ow-button-base ow-button-align-justify\"\n style=\"display: block;\">\n\t\t\t<a\n\t\t\t\t\thref=\"https:\/\/drive.google.com\/file\/d\/1Slup5ql3yE1JEPOlB0ukXrlNfOtn2Yhc\/view?usp=drive_link\"\n\t\t\t\t\tclass=\"sowb-button ow-icon-placement-left ow-button-hover\" download=\"\" \t>\n\t\t<span>\n\t\t\t\n\t\t\tN\u00b0 EPREL\t\t<\/span>\n\t\t\t<\/a>\n\t<\/div>\n<\/div><\/div><\/div><\/div><\/div>","protected":false},"excerpt":{"rendered":"<p>Bienvenue dans l\u2019espace documentation ARKTEOS.Retrouvez ici l\u2019ensemble des documents utiles pour d\u00e9couvrir, installer et utiliser nos pompes \u00e0 chaleur. Nous mettons \u00e0 votre disposition : Manuels d\u2019installation et d\u2019utilisation : guides complets pour une mise en service et une maintenance optimales. Plaquettes commerciales : pr\u00e9sentation claire de nos solutions et de leurs avantages. Flyers : [&hellip;]<\/p>\n","protected":false},"author":1,"featured_media":0,"parent":4775,"menu_order":0,"comment_status":"closed","ping_status":"closed","template":"","meta":{"_acf_changed":false,"_exactmetrics_skip_tracking":false,"_exactmetrics_sitenote_active":false,"_exactmetrics_sitenote_note":"","_exactmetrics_sitenote_category":0,"footnotes":""},"class_list":["post-4883","page","type-page","status-publish","hentry","post"],"acf":[],"yoast_head":"<!-- This site is optimized with the Yoast SEO plugin v26.0 - https:\/\/yoast.com\/wordpress\/plugins\/seo\/ -->\n<title>T\u00e9l\u00e9chargement de documents pour \u00e9quipements ARKTEOS<\/title>\n<meta name=\"description\" content=\"Acc\u00e9dez au t\u00e9l\u00e9chargement gratuit des manuels, brochures et fiches produits de nos pompes \u00e0 chaleur ARKTEOS.\" \/>\n<meta name=\"robots\" content=\"index, follow, max-snippet:-1, max-image-preview:large, max-video-preview:-1\" \/>\n<link rel=\"canonical\" href=\"https:\/\/www.arkteos.com\/index.php\/accueil\/telechargements\/\" \/>\n<meta property=\"og:locale\" content=\"fr_FR\" \/>\n<meta property=\"og:type\" content=\"article\" \/>\n<meta property=\"og:title\" content=\"T\u00e9l\u00e9chargement de documents pour \u00e9quipements ARKTEOS\" \/>\n<meta property=\"og:description\" content=\"Acc\u00e9dez au t\u00e9l\u00e9chargement gratuit des manuels, brochures et fiches produits de nos pompes \u00e0 chaleur ARKTEOS.\" \/>\n<meta property=\"og:url\" content=\"https:\/\/www.arkteos.com\/index.php\/accueil\/telechargements\/\" \/>\n<meta property=\"og:site_name\" content=\"ARKTEOS\" \/>\n<meta property=\"article:publisher\" content=\"https:\/\/www.linkedin.com\/company\/26433823\/\" \/>\n<meta property=\"article:modified_time\" content=\"2026-04-16T12:56:46+00:00\" \/>\n<meta name=\"twitter:card\" content=\"summary_large_image\" \/>\n<meta name=\"twitter:label1\" content=\"Dur\u00e9e de lecture estim\u00e9e\" \/>\n\t<meta name=\"twitter:data1\" content=\"1 minute\" \/>\n<script type=\"application\/ld+json\" class=\"yoast-schema-graph\">{\"@context\":\"https:\/\/schema.org\",\"@graph\":[{\"@type\":\"WebPage\",\"@id\":\"https:\/\/www.arkteos.com\/index.php\/accueil\/telechargements\/\",\"url\":\"https:\/\/www.arkteos.com\/index.php\/accueil\/telechargements\/\",\"name\":\"T\u00e9l\u00e9chargement de documents pour \u00e9quipements ARKTEOS\",\"isPartOf\":{\"@id\":\"https:\/\/www.arkteos.com\/#website\"},\"datePublished\":\"2025-09-30T07:37:15+00:00\",\"dateModified\":\"2026-04-16T12:56:46+00:00\",\"description\":\"Acc\u00e9dez au t\u00e9l\u00e9chargement gratuit des manuels, brochures et fiches produits de nos pompes \u00e0 chaleur ARKTEOS.\",\"breadcrumb\":{\"@id\":\"https:\/\/www.arkteos.com\/index.php\/accueil\/telechargements\/#breadcrumb\"},\"inLanguage\":\"fr-FR\",\"potentialAction\":[{\"@type\":\"ReadAction\",\"target\":[\"https:\/\/www.arkteos.com\/index.php\/accueil\/telechargements\/\"]}]},{\"@type\":\"BreadcrumbList\",\"@id\":\"https:\/\/www.arkteos.com\/index.php\/accueil\/telechargements\/#breadcrumb\",\"itemListElement\":[{\"@type\":\"ListItem\",\"position\":1,\"name\":\"Accueil\",\"item\":\"https:\/\/www.arkteos.com\/\"},{\"@type\":\"ListItem\",\"position\":2,\"name\":\"Accueil\",\"item\":\"https:\/\/www.arkteos.com\/\"},{\"@type\":\"ListItem\",\"position\":3,\"name\":\"Documentation\"}]},{\"@type\":\"WebSite\",\"@id\":\"https:\/\/www.arkteos.com\/#website\",\"url\":\"https:\/\/www.arkteos.com\/\",\"name\":\"ARKTEOS\",\"description\":\"FABRICANT FRANCAIS DE POMPE A CHALEUR\",\"publisher\":{\"@id\":\"https:\/\/www.arkteos.com\/#organization\"},\"potentialAction\":[{\"@type\":\"SearchAction\",\"target\":{\"@type\":\"EntryPoint\",\"urlTemplate\":\"https:\/\/www.arkteos.com\/?s={search_term_string}\"},\"query-input\":{\"@type\":\"PropertyValueSpecification\",\"valueRequired\":true,\"valueName\":\"search_term_string\"}}],\"inLanguage\":\"fr-FR\"},{\"@type\":\"Organization\",\"@id\":\"https:\/\/www.arkteos.com\/#organization\",\"name\":\"ARKTEOS\",\"url\":\"https:\/\/www.arkteos.com\/\",\"logo\":{\"@type\":\"ImageObject\",\"inLanguage\":\"fr-FR\",\"@id\":\"https:\/\/www.arkteos.com\/#\/schema\/logo\/image\/\",\"url\":\"https:\/\/www.arkteos.com\/wp-content\/uploads\/2025\/09\/cropped-Logo_Arkteos_03.png\",\"contentUrl\":\"https:\/\/www.arkteos.com\/wp-content\/uploads\/2025\/09\/cropped-Logo_Arkteos_03.png\",\"width\":400,\"height\":200,\"caption\":\"ARKTEOS\"},\"image\":{\"@id\":\"https:\/\/www.arkteos.com\/#\/schema\/logo\/image\/\"},\"sameAs\":[\"https:\/\/www.linkedin.com\/company\/26433823\/\"]}]}<\/script>\n<!-- \/ Yoast SEO plugin. -->","yoast_head_json":{"title":"T\u00e9l\u00e9chargement de documents pour \u00e9quipements ARKTEOS","description":"Acc\u00e9dez au t\u00e9l\u00e9chargement gratuit des manuels, brochures et fiches produits de nos pompes \u00e0 chaleur ARKTEOS.","robots":{"index":"index","follow":"follow","max-snippet":"max-snippet:-1","max-image-preview":"max-image-preview:large","max-video-preview":"max-video-preview:-1"},"canonical":"https:\/\/www.arkteos.com\/index.php\/accueil\/telechargements\/","og_locale":"fr_FR","og_type":"article","og_title":"T\u00e9l\u00e9chargement de documents pour \u00e9quipements ARKTEOS","og_description":"Acc\u00e9dez au t\u00e9l\u00e9chargement gratuit des manuels, brochures et fiches produits de nos pompes \u00e0 chaleur ARKTEOS.","og_url":"https:\/\/www.arkteos.com\/index.php\/accueil\/telechargements\/","og_site_name":"ARKTEOS","article_publisher":"https:\/\/www.linkedin.com\/company\/26433823\/","article_modified_time":"2026-04-16T12:56:46+00:00","twitter_card":"summary_large_image","twitter_misc":{"Dur\u00e9e de lecture estim\u00e9e":"1 minute"},"schema":{"@context":"https:\/\/schema.org","@graph":[{"@type":"WebPage","@id":"https:\/\/www.arkteos.com\/index.php\/accueil\/telechargements\/","url":"https:\/\/www.arkteos.com\/index.php\/accueil\/telechargements\/","name":"T\u00e9l\u00e9chargement de documents pour \u00e9quipements ARKTEOS","isPartOf":{"@id":"https:\/\/www.arkteos.com\/#website"},"datePublished":"2025-09-30T07:37:15+00:00","dateModified":"2026-04-16T12:56:46+00:00","description":"Acc\u00e9dez au t\u00e9l\u00e9chargement gratuit des manuels, brochures et fiches produits de nos pompes \u00e0 chaleur ARKTEOS.","breadcrumb":{"@id":"https:\/\/www.arkteos.com\/index.php\/accueil\/telechargements\/#breadcrumb"},"inLanguage":"fr-FR","potentialAction":[{"@type":"ReadAction","target":["https:\/\/www.arkteos.com\/index.php\/accueil\/telechargements\/"]}]},{"@type":"BreadcrumbList","@id":"https:\/\/www.arkteos.com\/index.php\/accueil\/telechargements\/#breadcrumb","itemListElement":[{"@type":"ListItem","position":1,"name":"Accueil","item":"https:\/\/www.arkteos.com\/"},{"@type":"ListItem","position":2,"name":"Accueil","item":"https:\/\/www.arkteos.com\/"},{"@type":"ListItem","position":3,"name":"Documentation"}]},{"@type":"WebSite","@id":"https:\/\/www.arkteos.com\/#website","url":"https:\/\/www.arkteos.com\/","name":"ARKTEOS","description":"FABRICANT FRANCAIS DE POMPE A CHALEUR","publisher":{"@id":"https:\/\/www.arkteos.com\/#organization"},"potentialAction":[{"@type":"SearchAction","target":{"@type":"EntryPoint","urlTemplate":"https:\/\/www.arkteos.com\/?s={search_term_string}"},"query-input":{"@type":"PropertyValueSpecification","valueRequired":true,"valueName":"search_term_string"}}],"inLanguage":"fr-FR"},{"@type":"Organization","@id":"https:\/\/www.arkteos.com\/#organization","name":"ARKTEOS","url":"https:\/\/www.arkteos.com\/","logo":{"@type":"ImageObject","inLanguage":"fr-FR","@id":"https:\/\/www.arkteos.com\/#\/schema\/logo\/image\/","url":"https:\/\/www.arkteos.com\/wp-content\/uploads\/2025\/09\/cropped-Logo_Arkteos_03.png","contentUrl":"https:\/\/www.arkteos.com\/wp-content\/uploads\/2025\/09\/cropped-Logo_Arkteos_03.png","width":400,"height":200,"caption":"ARKTEOS"},"image":{"@id":"https:\/\/www.arkteos.com\/#\/schema\/logo\/image\/"},"sameAs":["https:\/\/www.linkedin.com\/company\/26433823\/"]}]}},"_links":{"self":[{"href":"https:\/\/www.arkteos.com\/index.php\/wp-json\/wp\/v2\/pages\/4883","targetHints":{"allow":["GET"]}}],"collection":[{"href":"https:\/\/www.arkteos.com\/index.php\/wp-json\/wp\/v2\/pages"}],"about":[{"href":"https:\/\/www.arkteos.com\/index.php\/wp-json\/wp\/v2\/types\/page"}],"author":[{"embeddable":true,"href":"https:\/\/www.arkteos.com\/index.php\/wp-json\/wp\/v2\/users\/1"}],"replies":[{"embeddable":true,"href":"https:\/\/www.arkteos.com\/index.php\/wp-json\/wp\/v2\/comments?post=4883"}],"version-history":[{"count":6,"href":"https:\/\/www.arkteos.com\/index.php\/wp-json\/wp\/v2\/pages\/4883\/revisions"}],"predecessor-version":[{"id":5228,"href":"https:\/\/www.arkteos.com\/index.php\/wp-json\/wp\/v2\/pages\/4883\/revisions\/5228"}],"up":[{"embeddable":true,"href":"https:\/\/www.arkteos.com\/index.php\/wp-json\/wp\/v2\/pages\/4775"}],"wp:attachment":[{"href":"https:\/\/www.arkteos.com\/index.php\/wp-json\/wp\/v2\/media?parent=4883"}],"curies":[{"name":"wp","href":"https:\/\/api.w.org\/{rel}","templated":true}]}}