{"id":4565,"date":"2025-01-21T15:25:39","date_gmt":"2025-01-21T14:25:39","guid":{"rendered":"https:\/\/www.arkteos.com\/?page_id=4565"},"modified":"2025-01-22T11:40:30","modified_gmt":"2025-01-22T10:40:30","slug":"axo","status":"publish","type":"page","link":"https:\/\/www.arkteos.com\/index.php\/axo\/","title":{"rendered":"AxO"},"content":{"rendered":"<div id=\"pl-4565\"  class=\"panel-layout\" ><div id=\"pg-4565-0\"  class=\"panel-grid panel-no-style\" ><div id=\"pgc-4565-0-0\"  class=\"panel-grid-cell\" ><div id=\"panel-4565-0-0-0\" class=\"so-panel widget widget_sow-editor panel-first-child\" data-index=\"0\" ><div\n\t\t\t\n\t\t\tclass=\"so-widget-sow-editor so-widget-sow-editor-base\"\n\t\t\t\n\t\t><h3 class=\"widget-title\"><span class=\"widget-title__inline\">Notre entr\u00e9e dans l'\u00c9conomie Circulaire<\/span><\/h3>\n<div class=\"siteorigin-widget-tinymce textwidget\">\n\t<p style=\"font-weight: 400;\"><strong>Pourquoi l'\u00e9conomie circulaire ?<\/strong><\/p>\n<p style=\"font-weight: 400;\">Nous avons aujourd\u2019hui tous conscience que nous sommes dans un monde o\u00f9 les ressources sont de plus en plus limit\u00e9es. Dans cette optique, l\u2019\u00e9conomie circulaire repr\u00e9sente une nouvelle approche dans la gestion des ressources et des d\u00e9chets. Elle repr\u00e9sente un changement fondamental dans notre fa\u00e7on de penser la production, la consommation et la durabilit\u00e9.<\/p>\n<p style=\"font-weight: 400;\">L'\u00e9conomie circulaire repose sur deux principes\u00a0:<\/p>\n<ul>\n<li>Maximiser l'utilisation des ressources existantes<\/li>\n<li>Minimiser les d\u00e9chets.<\/li>\n<\/ul>\n<p style=\"font-weight: 400;\">Cela implique de transformer notre mod\u00e8le \u00e9conomique traditionnel lin\u00e9aire en un mod\u00e8le circulaire dans lequel les ressources sont utilis\u00e9es de mani\u00e8re plus durable et efficace.<\/p>\n<p style=\"font-weight: 400;\"><strong>L\u2019\u00e9conomie circulaire chez Arkteos<\/strong>\u00a0:<\/p>\n<p style=\"font-weight: 400;\">En tant qu\u2019acteur dans l\u2019industrie des pompes \u00e0 chaleur, ARKTEOS commence \u00e0 mettre en place cette d\u00e9marche par l\u2019interm\u00e9diaire de plusieurs actions\u00a0:<\/p>\n<ul>\n<li>Nous int\u00e9grons <strong>l\u2019\u00e9co-conception<\/strong> dans le processus de d\u00e9veloppement de produit\u00a0;<\/li>\n<li>Nous donnons une <strong>seconde vie \u00e0 nos pi\u00e8ces \u00e0 d\u00e9stocker<\/strong> par des dons \u00e0 des associations telles qu\u2019Emma\u00fcs\u00a0;<\/li>\n<li>Nous nous engageons \u00e0 <strong>augmenter la dur\u00e9e de vie <\/strong>de nos produits en garantissant, bien au-del\u00e0 de la dur\u00e9e l\u00e9gale, la disponibilit\u00e9 des pi\u00e8ces d\u00e9tach\u00e9es pendant 15 ans. Afin de profiter des derni\u00e8res fonctionnalit\u00e9s nous offrons la possibilit\u00e9 \u00e0 tous nos clients de mettre \u00e0 jour par internet les logiciels de r\u00e9gulation ;<\/li>\n<li>Nous avons r\u00e9cemment mis en place une politique plus pr\u00e9cise de <strong>recyclage<\/strong> de l\u2019ensemble de nos d\u00e9chets (papiers, cartons, plastiques, m\u00e9taux, \u2026).<\/li>\n<\/ul>\n<p style=\"font-weight: 400;\">Pour accro\u00eetre notre engagement dans l\u2019\u00e9conomie circulaire, nous avons choisi de mettre en place une nouvelle d\u00e9marche : <strong>AxO<\/strong> (Arkteos x Occasion) qui passera notamment par la r\u00e9paration de nos composants.<\/p>\n<p style=\"font-weight: 400;\">En effet, nous savons que les composants \u00e9lectroniques sont aujourd\u2019hui un enjeu majeur car ils sont compos\u00e9s de mat\u00e9riaux (terres rares, m\u00e9taux pr\u00e9cieux, \u2026) pour lesquels l\u2019extraction est extr\u00eamement polluante. C\u2019est pourquoi nous avons choisi de commencer notre d\u00e9marche par les cartes \u00e9lectroniques. Notre objectif est clair : r\u00e9cup\u00e9rer et r\u00e9parer les cartes \u00e9lectroniques int\u00e9gr\u00e9es dans nos pompes \u00e0 chaleur pour leur offrir une seconde vie.<\/p>\n<p style=\"font-weight: 400;\">\n<p style=\"font-weight: 400;\"><strong>Notre D\u00e9marche de r\u00e9cup\u00e9ration des cartes \u00e9lectroniques :<\/strong><\/p>\n<ol style=\"font-weight: 400;\">\n<li><strong>R\u00e9cup\u00e9ration :<\/strong> Nous r\u00e9cup\u00e9rons les cartes \u00e9lectroniques endommag\u00e9es de nos pompes \u00e0 chaleurs, garantissant ainsi que chaque composant soit trait\u00e9 de mani\u00e8re responsable et \u00e9cologique.<\/li>\n<li><strong>R\u00e9paration :<\/strong> Notre \u00e9quipe r\u00e9alise un diagnostic sur chaque carte r\u00e9cup\u00e9r\u00e9e afin d\u2019identifier les d\u00e9faillances. Apr\u00e8s r\u00e9paration, les cartes sont test\u00e9es et\u00a0mises \u00e0 disposition \u00e0 un prix plus abordable (objectif\u00a0: 50% du prix du neuf), encourageant la r\u00e9paration et non le remplacement du produit.<\/li>\n<li><strong>R\u00e9utilisation et R\u00e9duction des D\u00e9chets :<\/strong> En r\u00e9utilisant ces cartes r\u00e9par\u00e9es, nous r\u00e9duisons consid\u00e9rablement la quantit\u00e9 de ressources naturelles utilis\u00e9es et les d\u00e9chets \u00e9lectroniques, tr\u00e8s impactant sur l\u2019environnement.<\/li>\n<\/ol>\n<p style=\"font-weight: 400;\"><strong>Pourquoi cela compte pour nos partenaires :<\/strong><\/p>\n<p style=\"font-weight: 400;\">En tant que partenaires cl\u00e9s dans notre cha\u00eene de distribution, nos clients installateurs jouent un r\u00f4le essentiel dans la r\u00e9ussite de notre d\u00e9marche d'\u00e9conomie circulaire. En soutenant notre initiative, ils pourront contribuer \u00e0 :<\/p>\n<ul style=\"font-weight: 400;\">\n<li>R\u00e9duire l\u2019empreinte environnementale de nos produits en am\u00e9liorant leur durabilit\u00e9\u00a0;<\/li>\n<li>Am\u00e9liorer la r\u00e9silience \u00e9conomique de notre industrie en diminuant la d\u00e9pendance \u00e0 un march\u00e9 sous tension\u00a0;<\/li>\n<li>Diminuer les co\u00fbts de r\u00e9paration des machines pour le client particulier\u00a0;<\/li>\n<li>Renforcer la confiance des clients particuliers vis-\u00e0-vis de notre engagement concernant la durabilit\u00e9 des produits.<\/li>\n<\/ul>\n<p style=\"font-weight: 400;\"><strong>\u00a0<\/strong><\/p>\n<p style=\"font-weight: 400;\"><strong>\u00a0<\/strong><\/p>\n<\/div>\n<\/div><\/div><div id=\"panel-4565-0-0-1\" class=\"so-panel widget widget_sow-editor panel-last-child\" data-index=\"1\" ><div\n\t\t\t\n\t\t\tclass=\"so-widget-sow-editor so-widget-sow-editor-base\"\n\t\t\t\n\t\t><h3 class=\"widget-title\"><span class=\"widget-title__inline\">D\u2019o\u00f9 vient le nom AxO\u00a0?<\/span><\/h3>\n<div class=\"siteorigin-widget-tinymce textwidget\">\n\t<p style=\"font-weight: 400;\"><a href=\"https:\/\/www.arkteos.com\/wp-content\/uploads\/2025\/01\/Bandeau_AxO.png\"><img loading=\"lazy\" decoding=\"async\" class=\"aligncenter size-large wp-image-4574\" src=\"https:\/\/www.arkteos.com\/wp-content\/uploads\/2025\/01\/Bandeau_AxO-1024x120.png\" alt=\"\" width=\"1024\" height=\"120\" srcset=\"https:\/\/www.arkteos.com\/wp-content\/uploads\/2025\/01\/Bandeau_AxO-1024x120.png 1024w, https:\/\/www.arkteos.com\/wp-content\/uploads\/2025\/01\/Bandeau_AxO-300x35.png 300w, https:\/\/www.arkteos.com\/wp-content\/uploads\/2025\/01\/Bandeau_AxO-768x90.png 768w, https:\/\/www.arkteos.com\/wp-content\/uploads\/2025\/01\/Bandeau_AxO-1536x180.png 1536w, https:\/\/www.arkteos.com\/wp-content\/uploads\/2025\/01\/Bandeau_AxO-2048x240.png 2048w\" sizes=\"auto, (max-width: 1024px) 100vw, 1024px\" \/><\/a><\/p>\n<\/div>\n<\/div><\/div><\/div><\/div><\/div>","protected":false},"excerpt":{"rendered":"<p>Pourquoi l&rsquo;\u00e9conomie circulaire ? Nous avons aujourd\u2019hui tous conscience que nous sommes dans un monde o\u00f9 les ressources sont de plus en plus limit\u00e9es. Dans cette optique, l\u2019\u00e9conomie circulaire repr\u00e9sente une nouvelle approche dans la gestion des ressources et des d\u00e9chets. Elle repr\u00e9sente un changement fondamental dans notre fa\u00e7on de penser la production, la consommation [&hellip;]<\/p>\n","protected":false},"author":1,"featured_media":0,"parent":0,"menu_order":0,"comment_status":"closed","ping_status":"closed","template":"","meta":{"_acf_changed":false,"_exactmetrics_skip_tracking":false,"_exactmetrics_sitenote_active":false,"_exactmetrics_sitenote_note":"","_exactmetrics_sitenote_category":0,"footnotes":""},"class_list":["post-4565","page","type-page","status-publish","hentry","post"],"acf":[],"yoast_head":"<!-- This site is optimized with the Yoast SEO plugin v26.0 - https:\/\/yoast.com\/wordpress\/plugins\/seo\/ -->\n<title>AxO - ARKTEOS<\/title>\n<meta name=\"robots\" content=\"noindex, follow\" \/>\n<meta property=\"og:locale\" content=\"fr_FR\" \/>\n<meta property=\"og:type\" content=\"article\" \/>\n<meta property=\"og:title\" content=\"AxO - ARKTEOS\" \/>\n<meta property=\"og:description\" content=\"Pourquoi l&#039;\u00e9conomie circulaire ? Nous avons aujourd\u2019hui tous conscience que nous sommes dans un monde o\u00f9 les ressources sont de plus en plus limit\u00e9es. Dans cette optique, l\u2019\u00e9conomie circulaire repr\u00e9sente une nouvelle approche dans la gestion des ressources et des d\u00e9chets. Elle repr\u00e9sente un changement fondamental dans notre fa\u00e7on de penser la production, la consommation [&hellip;]\" \/>\n<meta property=\"og:url\" content=\"https:\/\/www.arkteos.com\/index.php\/axo\/\" \/>\n<meta property=\"og:site_name\" content=\"ARKTEOS\" \/>\n<meta property=\"article:publisher\" content=\"https:\/\/www.linkedin.com\/company\/26433823\/\" \/>\n<meta property=\"article:modified_time\" content=\"2025-01-22T10:40:30+00:00\" \/>\n<meta property=\"og:image\" content=\"https:\/\/www.arkteos.com\/wp-content\/uploads\/2025\/01\/Bandeau_AxO-1024x120.png\" \/>\n<meta name=\"twitter:card\" content=\"summary_large_image\" \/>\n<meta name=\"twitter:label1\" content=\"Dur\u00e9e de lecture estim\u00e9e\" \/>\n\t<meta name=\"twitter:data1\" content=\"3 minutes\" \/>\n<script type=\"application\/ld+json\" class=\"yoast-schema-graph\">{\"@context\":\"https:\/\/schema.org\",\"@graph\":[{\"@type\":\"WebPage\",\"@id\":\"https:\/\/www.arkteos.com\/index.php\/axo\/\",\"url\":\"https:\/\/www.arkteos.com\/index.php\/axo\/\",\"name\":\"AxO - ARKTEOS\",\"isPartOf\":{\"@id\":\"https:\/\/www.arkteos.com\/#website\"},\"primaryImageOfPage\":{\"@id\":\"https:\/\/www.arkteos.com\/index.php\/axo\/#primaryimage\"},\"image\":{\"@id\":\"https:\/\/www.arkteos.com\/index.php\/axo\/#primaryimage\"},\"thumbnailUrl\":\"https:\/\/www.arkteos.com\/wp-content\/uploads\/2025\/01\/Bandeau_AxO-1024x120.png\",\"datePublished\":\"2025-01-21T14:25:39+00:00\",\"dateModified\":\"2025-01-22T10:40:30+00:00\",\"breadcrumb\":{\"@id\":\"https:\/\/www.arkteos.com\/index.php\/axo\/#breadcrumb\"},\"inLanguage\":\"fr-FR\",\"potentialAction\":[{\"@type\":\"ReadAction\",\"target\":[\"https:\/\/www.arkteos.com\/index.php\/axo\/\"]}]},{\"@type\":\"ImageObject\",\"inLanguage\":\"fr-FR\",\"@id\":\"https:\/\/www.arkteos.com\/index.php\/axo\/#primaryimage\",\"url\":\"https:\/\/www.arkteos.com\/wp-content\/uploads\/2025\/01\/Bandeau_AxO.png\",\"contentUrl\":\"https:\/\/www.arkteos.com\/wp-content\/uploads\/2025\/01\/Bandeau_AxO.png\",\"width\":2667,\"height\":313},{\"@type\":\"BreadcrumbList\",\"@id\":\"https:\/\/www.arkteos.com\/index.php\/axo\/#breadcrumb\",\"itemListElement\":[{\"@type\":\"ListItem\",\"position\":1,\"name\":\"Accueil\",\"item\":\"https:\/\/www.arkteos.com\/\"},{\"@type\":\"ListItem\",\"position\":2,\"name\":\"AxO\"}]},{\"@type\":\"WebSite\",\"@id\":\"https:\/\/www.arkteos.com\/#website\",\"url\":\"https:\/\/www.arkteos.com\/\",\"name\":\"ARKTEOS\",\"description\":\"FABRICANT FRANCAIS DE POMPE A CHALEUR\",\"publisher\":{\"@id\":\"https:\/\/www.arkteos.com\/#organization\"},\"potentialAction\":[{\"@type\":\"SearchAction\",\"target\":{\"@type\":\"EntryPoint\",\"urlTemplate\":\"https:\/\/www.arkteos.com\/?s={search_term_string}\"},\"query-input\":{\"@type\":\"PropertyValueSpecification\",\"valueRequired\":true,\"valueName\":\"search_term_string\"}}],\"inLanguage\":\"fr-FR\"},{\"@type\":\"Organization\",\"@id\":\"https:\/\/www.arkteos.com\/#organization\",\"name\":\"ARKTEOS\",\"url\":\"https:\/\/www.arkteos.com\/\",\"logo\":{\"@type\":\"ImageObject\",\"inLanguage\":\"fr-FR\",\"@id\":\"https:\/\/www.arkteos.com\/#\/schema\/logo\/image\/\",\"url\":\"https:\/\/www.arkteos.com\/wp-content\/uploads\/2025\/09\/cropped-Logo_Arkteos_03.png\",\"contentUrl\":\"https:\/\/www.arkteos.com\/wp-content\/uploads\/2025\/09\/cropped-Logo_Arkteos_03.png\",\"width\":400,\"height\":200,\"caption\":\"ARKTEOS\"},\"image\":{\"@id\":\"https:\/\/www.arkteos.com\/#\/schema\/logo\/image\/\"},\"sameAs\":[\"https:\/\/www.linkedin.com\/company\/26433823\/\"]}]}<\/script>\n<!-- \/ Yoast SEO plugin. -->","yoast_head_json":{"title":"AxO - ARKTEOS","robots":{"index":"noindex","follow":"follow"},"og_locale":"fr_FR","og_type":"article","og_title":"AxO - ARKTEOS","og_description":"Pourquoi l'\u00e9conomie circulaire ? Nous avons aujourd\u2019hui tous conscience que nous sommes dans un monde o\u00f9 les ressources sont de plus en plus limit\u00e9es. Dans cette optique, l\u2019\u00e9conomie circulaire repr\u00e9sente une nouvelle approche dans la gestion des ressources et des d\u00e9chets. Elle repr\u00e9sente un changement fondamental dans notre fa\u00e7on de penser la production, la consommation [&hellip;]","og_url":"https:\/\/www.arkteos.com\/index.php\/axo\/","og_site_name":"ARKTEOS","article_publisher":"https:\/\/www.linkedin.com\/company\/26433823\/","article_modified_time":"2025-01-22T10:40:30+00:00","og_image":[{"url":"https:\/\/www.arkteos.com\/wp-content\/uploads\/2025\/01\/Bandeau_AxO-1024x120.png","type":"","width":"","height":""}],"twitter_card":"summary_large_image","twitter_misc":{"Dur\u00e9e de lecture estim\u00e9e":"3 minutes"},"schema":{"@context":"https:\/\/schema.org","@graph":[{"@type":"WebPage","@id":"https:\/\/www.arkteos.com\/index.php\/axo\/","url":"https:\/\/www.arkteos.com\/index.php\/axo\/","name":"AxO - ARKTEOS","isPartOf":{"@id":"https:\/\/www.arkteos.com\/#website"},"primaryImageOfPage":{"@id":"https:\/\/www.arkteos.com\/index.php\/axo\/#primaryimage"},"image":{"@id":"https:\/\/www.arkteos.com\/index.php\/axo\/#primaryimage"},"thumbnailUrl":"https:\/\/www.arkteos.com\/wp-content\/uploads\/2025\/01\/Bandeau_AxO-1024x120.png","datePublished":"2025-01-21T14:25:39+00:00","dateModified":"2025-01-22T10:40:30+00:00","breadcrumb":{"@id":"https:\/\/www.arkteos.com\/index.php\/axo\/#breadcrumb"},"inLanguage":"fr-FR","potentialAction":[{"@type":"ReadAction","target":["https:\/\/www.arkteos.com\/index.php\/axo\/"]}]},{"@type":"ImageObject","inLanguage":"fr-FR","@id":"https:\/\/www.arkteos.com\/index.php\/axo\/#primaryimage","url":"https:\/\/www.arkteos.com\/wp-content\/uploads\/2025\/01\/Bandeau_AxO.png","contentUrl":"https:\/\/www.arkteos.com\/wp-content\/uploads\/2025\/01\/Bandeau_AxO.png","width":2667,"height":313},{"@type":"BreadcrumbList","@id":"https:\/\/www.arkteos.com\/index.php\/axo\/#breadcrumb","itemListElement":[{"@type":"ListItem","position":1,"name":"Accueil","item":"https:\/\/www.arkteos.com\/"},{"@type":"ListItem","position":2,"name":"AxO"}]},{"@type":"WebSite","@id":"https:\/\/www.arkteos.com\/#website","url":"https:\/\/www.arkteos.com\/","name":"ARKTEOS","description":"FABRICANT FRANCAIS DE POMPE A CHALEUR","publisher":{"@id":"https:\/\/www.arkteos.com\/#organization"},"potentialAction":[{"@type":"SearchAction","target":{"@type":"EntryPoint","urlTemplate":"https:\/\/www.arkteos.com\/?s={search_term_string}"},"query-input":{"@type":"PropertyValueSpecification","valueRequired":true,"valueName":"search_term_string"}}],"inLanguage":"fr-FR"},{"@type":"Organization","@id":"https:\/\/www.arkteos.com\/#organization","name":"ARKTEOS","url":"https:\/\/www.arkteos.com\/","logo":{"@type":"ImageObject","inLanguage":"fr-FR","@id":"https:\/\/www.arkteos.com\/#\/schema\/logo\/image\/","url":"https:\/\/www.arkteos.com\/wp-content\/uploads\/2025\/09\/cropped-Logo_Arkteos_03.png","contentUrl":"https:\/\/www.arkteos.com\/wp-content\/uploads\/2025\/09\/cropped-Logo_Arkteos_03.png","width":400,"height":200,"caption":"ARKTEOS"},"image":{"@id":"https:\/\/www.arkteos.com\/#\/schema\/logo\/image\/"},"sameAs":["https:\/\/www.linkedin.com\/company\/26433823\/"]}]}},"_links":{"self":[{"href":"https:\/\/www.arkteos.com\/index.php\/wp-json\/wp\/v2\/pages\/4565","targetHints":{"allow":["GET"]}}],"collection":[{"href":"https:\/\/www.arkteos.com\/index.php\/wp-json\/wp\/v2\/pages"}],"about":[{"href":"https:\/\/www.arkteos.com\/index.php\/wp-json\/wp\/v2\/types\/page"}],"author":[{"embeddable":true,"href":"https:\/\/www.arkteos.com\/index.php\/wp-json\/wp\/v2\/users\/1"}],"replies":[{"embeddable":true,"href":"https:\/\/www.arkteos.com\/index.php\/wp-json\/wp\/v2\/comments?post=4565"}],"version-history":[{"count":6,"href":"https:\/\/www.arkteos.com\/index.php\/wp-json\/wp\/v2\/pages\/4565\/revisions"}],"predecessor-version":[{"id":4575,"href":"https:\/\/www.arkteos.com\/index.php\/wp-json\/wp\/v2\/pages\/4565\/revisions\/4575"}],"wp:attachment":[{"href":"https:\/\/www.arkteos.com\/index.php\/wp-json\/wp\/v2\/media?parent=4565"}],"curies":[{"name":"wp","href":"https:\/\/api.w.org\/{rel}","templated":true}]}}