{"id":4541,"date":"2025-01-14T17:03:26","date_gmt":"2025-01-14T16:03:26","guid":{"rendered":"https:\/\/www.arkteos.com\/?page_id=4541"},"modified":"2025-01-21T15:19:18","modified_gmt":"2025-01-21T14:19:18","slug":"rse","status":"publish","type":"page","link":"https:\/\/www.arkteos.com\/index.php\/accueil\/rse\/","title":{"rendered":"RSE"},"content":{"rendered":"<div id=\"pl-4541\"  class=\"panel-layout\" ><div id=\"pg-4541-0\"  class=\"panel-grid panel-no-style\" ><div id=\"pgc-4541-0-0\"  class=\"panel-grid-cell\" ><div id=\"panel-4541-0-0-0\" class=\"so-panel widget widget_black-studio-tinymce widget_black_studio_tinymce panel-first-child\" data-index=\"0\" ><div class=\"textwidget\"><p><strong>Qu'est-ce que la RSE ?<\/strong><\/p>\n<p>La RSE, Responsabilit\u00e9 soci\u00e9tale des entreprises, c\u2019est \u00ab\u00a0<strong>la contribution des entreprises aux enjeux du d\u00e9veloppement durable\".<\/strong> Mettre en place une d\u00e9marche RSE, c\u2019est adopter des comportements responsables vis-\u00e0-vis des parties prenantes internes et externes, en mettant l'accent sur trois grands piliers : <strong>l'environnement, le social et la gouvernance (ESG)<\/strong>. Cela concerne par exemple des actions telles que la r\u00e9duction de l'empreinte carbone, l'am\u00e9lioration des conditions de travail, la promotion de l'\u00e9galit\u00e9 des chances et la transparence dans la gestion.<\/p>\n<p><strong>La RSE chez ARKTEOS<\/strong><\/p>\n<p>Nous sommes convaincus que la fabrication de pompes \u00e0 chaleur passe aussi par une gestion responsable de nos activit\u00e9s. C\u2019est pourquoi nous avons d\u00e9cid\u00e9 d\u2019int\u00e9grer la Responsabilit\u00e9 Soci\u00e9tale des Entreprises (RSE) au c\u0153ur de notre strat\u00e9gie depuis d\u00e9but 2023. Par cette d\u00e9cision nous nous engageons \u00e0 r\u00e9duire notre impact environnemental, am\u00e9liorer les conditions de travail de nos collaborateurs et contribuer activement au d\u00e9veloppement social de notre territoire. Notre d\u00e9marche RSE repose sur des actions concr\u00e8tes, articul\u00e9es autour des 3 piliers ESG et dont certaines sont pr\u00e9sent\u00e9es ci-dessous.<\/p>\n<\/div><\/div><div id=\"panel-4541-0-0-1\" class=\"so-panel widget widget_black-studio-tinymce widget_black_studio_tinymce\" data-index=\"1\" ><div class=\"textwidget\"><p><a href=\"https:\/\/www.arkteos.com\/wp-content\/uploads\/2025\/01\/Bandeau_Environnement.png\"><img loading=\"lazy\" decoding=\"async\" class=\"aligncenter size-large wp-image-4555\" src=\"https:\/\/www.arkteos.com\/wp-content\/uploads\/2025\/01\/Bandeau_Environnement-1024x120.png\" alt=\"\" width=\"1024\" height=\"120\" srcset=\"https:\/\/www.arkteos.com\/wp-content\/uploads\/2025\/01\/Bandeau_Environnement-1024x120.png 1024w, https:\/\/www.arkteos.com\/wp-content\/uploads\/2025\/01\/Bandeau_Environnement-300x35.png 300w, https:\/\/www.arkteos.com\/wp-content\/uploads\/2025\/01\/Bandeau_Environnement-768x90.png 768w, https:\/\/www.arkteos.com\/wp-content\/uploads\/2025\/01\/Bandeau_Environnement-1536x180.png 1536w, https:\/\/www.arkteos.com\/wp-content\/uploads\/2025\/01\/Bandeau_Environnement-2048x240.png 2048w\" sizes=\"auto, (max-width: 1024px) 100vw, 1024px\" \/><\/a><\/p>\n<\/div><\/div><div id=\"panel-4541-0-0-2\" class=\"so-panel widget widget_black-studio-tinymce widget_black_studio_tinymce\" data-index=\"2\" ><div class=\"textwidget\"><ul>\n<li><strong>Formation<\/strong> de l'ensemble des salari\u00e9s aux Impacts environnementaux et RSE.<\/li>\n<li>R\u00e9alisation du <strong>bilan carbone<\/strong> de l\u2019entreprise pour les ann\u00e9es 2022 \u00e0 2024 (1,7T eq CO<sub>2<\/sub>\/PAC produite).<\/li>\n<li><strong>Diminution de la consommation \u00e9lectrique<\/strong> par le remplacement d\u2019une majorit\u00e9 des lampes halog\u00e8ne par des lampes LED, par le remplacement d\u2019une partie des fen\u00eatres simple vitrage par du double vitrage ou encore d\u2019une partie des convecteurs \u00e9lectriques par des Pompes \u00e0 Chaleur.<\/li>\n<li>Participation de l\u2019entreprise \u00e0 <strong>Team for the Planet <\/strong>qui finance des projets ayant pour objectif la baisse des \u00e9missions de CO<sub>2<\/sub>.<\/li>\n<li>Mise en place d\u2019une <strong>d\u00e9marche d\u2019\u00e9coconception<\/strong> sur une future gamme de produit, afin de diminuer l\u2019impact environnemental des produits sur l\u2019ensemble de leur cycle de vie (fabrication, transport, utilisation, d\u00e9mant\u00e8lement). L\u2019objectif \u00e9tant de g\u00e9n\u00e9raliser cette d\u00e9marche \u00e0 tous les nouveaux d\u00e9veloppements.<\/li>\n<li>Mise en place d\u2019une offre de <strong>cartes \u00e9lectroniques reconditionn\u00e9es<\/strong>: le projet AxO \u2013 Voir la page d\u00e9di\u00e9e.<\/li>\n<\/ul>\n<\/div><\/div><div id=\"panel-4541-0-0-3\" class=\"so-panel widget widget_black-studio-tinymce widget_black_studio_tinymce\" data-index=\"3\" ><div class=\"textwidget\"><p><a href=\"https:\/\/www.arkteos.com\/wp-content\/uploads\/2025\/01\/Bandeau_Gouvernance.png\"><img loading=\"lazy\" decoding=\"async\" class=\"aligncenter size-large wp-image-4558\" src=\"https:\/\/www.arkteos.com\/wp-content\/uploads\/2025\/01\/Bandeau_Gouvernance-1024x120.png\" alt=\"\" width=\"1024\" height=\"120\" srcset=\"https:\/\/www.arkteos.com\/wp-content\/uploads\/2025\/01\/Bandeau_Gouvernance-1024x120.png 1024w, https:\/\/www.arkteos.com\/wp-content\/uploads\/2025\/01\/Bandeau_Gouvernance-300x35.png 300w, https:\/\/www.arkteos.com\/wp-content\/uploads\/2025\/01\/Bandeau_Gouvernance-768x90.png 768w, https:\/\/www.arkteos.com\/wp-content\/uploads\/2025\/01\/Bandeau_Gouvernance-1536x180.png 1536w, https:\/\/www.arkteos.com\/wp-content\/uploads\/2025\/01\/Bandeau_Gouvernance-2048x240.png 2048w\" sizes=\"auto, (max-width: 1024px) 100vw, 1024px\" \/><\/a><\/p>\n<\/div><\/div><div id=\"panel-4541-0-0-4\" class=\"so-panel widget widget_black-studio-tinymce widget_black_studio_tinymce\" data-index=\"4\" ><div class=\"textwidget\"><ul>\n<li>Mise en place depuis 3 ans d\u2019un <strong>accord d\u2019int\u00e9ressement<\/strong> afin d\u2019associer les salari\u00e9s aux r\u00e9sultats de l\u2019entreprise.<\/li>\n<li>Travail collectif sur la d\u00e9finition des <strong>valeurs de l\u2019entreprise.<\/strong><\/li>\n<li>Mise en place d\u2019une <strong>charte achats responsables.<\/strong><\/li>\n<li>Mise en place d\u2019un <strong>plan d\u2019action RSE<\/strong> suite aux propositions des salari\u00e9s.<\/li>\n<li>Arkteos est signataire de la <strong>charte d\u2019engagement RSE de l\u2019UIMM.<\/strong><\/li>\n<\/ul>\n<\/div><\/div><div id=\"panel-4541-0-0-5\" class=\"so-panel widget widget_black-studio-tinymce widget_black_studio_tinymce\" data-index=\"5\" ><div class=\"textwidget\"><p><a href=\"https:\/\/www.arkteos.com\/wp-content\/uploads\/2025\/01\/Bandeau_Social.png\"><img loading=\"lazy\" decoding=\"async\" class=\"aligncenter wp-image-4563 size-large\" src=\"https:\/\/www.arkteos.com\/wp-content\/uploads\/2025\/01\/Bandeau_Social-1024x120.png\" alt=\"\" width=\"1024\" height=\"120\" srcset=\"https:\/\/www.arkteos.com\/wp-content\/uploads\/2025\/01\/Bandeau_Social-1024x120.png 1024w, https:\/\/www.arkteos.com\/wp-content\/uploads\/2025\/01\/Bandeau_Social-300x35.png 300w, https:\/\/www.arkteos.com\/wp-content\/uploads\/2025\/01\/Bandeau_Social-768x90.png 768w, https:\/\/www.arkteos.com\/wp-content\/uploads\/2025\/01\/Bandeau_Social-1536x180.png 1536w, https:\/\/www.arkteos.com\/wp-content\/uploads\/2025\/01\/Bandeau_Social-2048x240.png 2048w\" sizes=\"auto, (max-width: 1024px) 100vw, 1024px\" \/><\/a><\/p>\n<\/div><\/div><div id=\"panel-4541-0-0-6\" class=\"so-panel widget widget_black-studio-tinymce widget_black_studio_tinymce panel-last-child\" data-index=\"6\" ><div class=\"textwidget\"><ul>\n<li>Actions de <strong>sensibilisation \u00e0 la s\u00e9curit\u00e9 et au harc\u00e8lement.<\/strong> Dans le cadre de notre d\u00e9marche de pr\u00e9vention des risques, ces actions de sensibilisation permettent <strong>d\u2019informer les salari\u00e9s<\/strong> et de cr\u00e9er un <strong>environnement plus s\u00fbr et respectueux.<\/strong><\/li>\n<li><strong>Don de mat\u00e9riel<\/strong> \u00e0 des \u00e9tablissements scolaires et des associations du secteur. Ce geste permet non seulement de donner une seconde vie \u00e0 des objets encore utiles, mais aussi de fournir aux \u00e9l\u00e8ves des outils essentiels pour leur apprentissage, en particulier dans des \u00e9tablissements qui manquent souvent de moyens.<\/li>\n<li><strong>Livraisons de paniers de l\u00e9gumes<\/strong> locaux sur le site afin de favoriser la consommation de nourriture de qualit\u00e9.<\/li>\n<li><strong>Organisation de visites de l\u2019entreprise<\/strong> pour les familles des salari\u00e9s et les acteurs du territoire afin de renforcer les liens entre l'entreprise et la communaut\u00e9 locale. Ces visites permettent de mieux comprendre les m\u00e9tiers et les enjeux de l'entreprise, mais aussi de faire connaitre l\u2019entreprise, de cr\u00e9er un sentiment de fiert\u00e9 et de proximit\u00e9, stimulant la coh\u00e9sion sociale et le soutien local.<\/li>\n<li><strong>Financement direct <\/strong>d\u2019associations par des dons afin de soutenir concr\u00e8tement des projets scientifiques tels que la lutte contre le cancer ou la recherche sur la moelle \u00e9pini\u00e8re.<\/li>\n<\/ul>\n<\/div><\/div><\/div><\/div><\/div>","protected":false},"excerpt":{"rendered":"<p>Qu&rsquo;est-ce que la RSE ? La RSE, Responsabilit\u00e9 soci\u00e9tale des entreprises, c\u2019est \u00ab\u00a0la contribution des entreprises aux enjeux du d\u00e9veloppement durable\u00a0\u00bb. Mettre en place une d\u00e9marche RSE, c\u2019est adopter des comportements responsables vis-\u00e0-vis des parties prenantes internes et externes, en mettant l&rsquo;accent sur trois grands piliers : l&rsquo;environnement, le social et la gouvernance (ESG). Cela [&hellip;]<\/p>\n","protected":false},"author":1,"featured_media":0,"parent":4775,"menu_order":0,"comment_status":"closed","ping_status":"closed","template":"","meta":{"_acf_changed":false,"_exactmetrics_skip_tracking":false,"_exactmetrics_sitenote_active":false,"_exactmetrics_sitenote_note":"","_exactmetrics_sitenote_category":0,"footnotes":""},"class_list":["post-4541","page","type-page","status-publish","hentry","post"],"acf":[],"yoast_head":"<!-- This site is optimized with the Yoast SEO plugin v26.0 - https:\/\/yoast.com\/wordpress\/plugins\/seo\/ -->\n<title>RSE - ARKTEOS<\/title>\n<meta name=\"robots\" content=\"noindex, follow\" \/>\n<meta property=\"og:locale\" content=\"fr_FR\" \/>\n<meta property=\"og:type\" content=\"article\" \/>\n<meta property=\"og:title\" content=\"RSE - ARKTEOS\" \/>\n<meta property=\"og:description\" content=\"Qu&#039;est-ce que la RSE ? La RSE, Responsabilit\u00e9 soci\u00e9tale des entreprises, c\u2019est \u00ab\u00a0la contribution des entreprises aux enjeux du d\u00e9veloppement durable&quot;. Mettre en place une d\u00e9marche RSE, c\u2019est adopter des comportements responsables vis-\u00e0-vis des parties prenantes internes et externes, en mettant l&#039;accent sur trois grands piliers : l&#039;environnement, le social et la gouvernance (ESG). Cela [&hellip;]\" \/>\n<meta property=\"og:url\" content=\"https:\/\/www.arkteos.com\/index.php\/accueil\/accueil__trashed\/rse\/\" \/>\n<meta property=\"og:site_name\" content=\"ARKTEOS\" \/>\n<meta property=\"article:publisher\" content=\"https:\/\/www.linkedin.com\/company\/26433823\/\" \/>\n<meta property=\"article:modified_time\" content=\"2025-01-21T14:19:18+00:00\" \/>\n<meta property=\"og:image\" content=\"https:\/\/www.arkteos.com\/wp-content\/uploads\/2025\/01\/Bandeau_Environnement-1024x120.png\" \/>\n<meta name=\"twitter:card\" content=\"summary_large_image\" \/>\n<meta name=\"twitter:label1\" content=\"Dur\u00e9e de lecture estim\u00e9e\" \/>\n\t<meta name=\"twitter:data1\" content=\"4 minutes\" \/>\n<script type=\"application\/ld+json\" class=\"yoast-schema-graph\">{\"@context\":\"https:\/\/schema.org\",\"@graph\":[{\"@type\":\"WebPage\",\"@id\":\"https:\/\/www.arkteos.com\/index.php\/accueil\/accueil__trashed\/rse\/\",\"url\":\"https:\/\/www.arkteos.com\/index.php\/accueil\/accueil__trashed\/rse\/\",\"name\":\"RSE - ARKTEOS\",\"isPartOf\":{\"@id\":\"https:\/\/www.arkteos.com\/#website\"},\"primaryImageOfPage\":{\"@id\":\"https:\/\/www.arkteos.com\/index.php\/accueil\/accueil__trashed\/rse\/#primaryimage\"},\"image\":{\"@id\":\"https:\/\/www.arkteos.com\/index.php\/accueil\/accueil__trashed\/rse\/#primaryimage\"},\"thumbnailUrl\":\"https:\/\/www.arkteos.com\/wp-content\/uploads\/2025\/01\/Bandeau_Environnement-1024x120.png\",\"datePublished\":\"2025-01-14T16:03:26+00:00\",\"dateModified\":\"2025-01-21T14:19:18+00:00\",\"breadcrumb\":{\"@id\":\"https:\/\/www.arkteos.com\/index.php\/accueil\/accueil__trashed\/rse\/#breadcrumb\"},\"inLanguage\":\"fr-FR\",\"potentialAction\":[{\"@type\":\"ReadAction\",\"target\":[\"https:\/\/www.arkteos.com\/index.php\/accueil\/accueil__trashed\/rse\/\"]}]},{\"@type\":\"ImageObject\",\"inLanguage\":\"fr-FR\",\"@id\":\"https:\/\/www.arkteos.com\/index.php\/accueil\/accueil__trashed\/rse\/#primaryimage\",\"url\":\"https:\/\/www.arkteos.com\/wp-content\/uploads\/2025\/01\/Bandeau_Environnement.png\",\"contentUrl\":\"https:\/\/www.arkteos.com\/wp-content\/uploads\/2025\/01\/Bandeau_Environnement.png\",\"width\":2667,\"height\":313},{\"@type\":\"BreadcrumbList\",\"@id\":\"https:\/\/www.arkteos.com\/index.php\/accueil\/accueil__trashed\/rse\/#breadcrumb\",\"itemListElement\":[{\"@type\":\"ListItem\",\"position\":1,\"name\":\"Accueil\",\"item\":\"https:\/\/www.arkteos.com\/\"},{\"@type\":\"ListItem\",\"position\":2,\"name\":\"Accueil\",\"item\":\"https:\/\/www.arkteos.com\/\"},{\"@type\":\"ListItem\",\"position\":3,\"name\":\"RSE\"}]},{\"@type\":\"WebSite\",\"@id\":\"https:\/\/www.arkteos.com\/#website\",\"url\":\"https:\/\/www.arkteos.com\/\",\"name\":\"ARKTEOS\",\"description\":\"FABRICANT FRANCAIS DE POMPE A CHALEUR\",\"publisher\":{\"@id\":\"https:\/\/www.arkteos.com\/#organization\"},\"potentialAction\":[{\"@type\":\"SearchAction\",\"target\":{\"@type\":\"EntryPoint\",\"urlTemplate\":\"https:\/\/www.arkteos.com\/?s={search_term_string}\"},\"query-input\":{\"@type\":\"PropertyValueSpecification\",\"valueRequired\":true,\"valueName\":\"search_term_string\"}}],\"inLanguage\":\"fr-FR\"},{\"@type\":\"Organization\",\"@id\":\"https:\/\/www.arkteos.com\/#organization\",\"name\":\"ARKTEOS\",\"url\":\"https:\/\/www.arkteos.com\/\",\"logo\":{\"@type\":\"ImageObject\",\"inLanguage\":\"fr-FR\",\"@id\":\"https:\/\/www.arkteos.com\/#\/schema\/logo\/image\/\",\"url\":\"https:\/\/www.arkteos.com\/wp-content\/uploads\/2025\/09\/cropped-Logo_Arkteos_03.png\",\"contentUrl\":\"https:\/\/www.arkteos.com\/wp-content\/uploads\/2025\/09\/cropped-Logo_Arkteos_03.png\",\"width\":400,\"height\":200,\"caption\":\"ARKTEOS\"},\"image\":{\"@id\":\"https:\/\/www.arkteos.com\/#\/schema\/logo\/image\/\"},\"sameAs\":[\"https:\/\/www.linkedin.com\/company\/26433823\/\"]}]}<\/script>\n<!-- \/ Yoast SEO plugin. -->","yoast_head_json":{"title":"RSE - ARKTEOS","robots":{"index":"noindex","follow":"follow"},"og_locale":"fr_FR","og_type":"article","og_title":"RSE - ARKTEOS","og_description":"Qu'est-ce que la RSE ? La RSE, Responsabilit\u00e9 soci\u00e9tale des entreprises, c\u2019est \u00ab\u00a0la contribution des entreprises aux enjeux du d\u00e9veloppement durable\". Mettre en place une d\u00e9marche RSE, c\u2019est adopter des comportements responsables vis-\u00e0-vis des parties prenantes internes et externes, en mettant l'accent sur trois grands piliers : l'environnement, le social et la gouvernance (ESG). Cela [&hellip;]","og_url":"https:\/\/www.arkteos.com\/index.php\/accueil\/accueil__trashed\/rse\/","og_site_name":"ARKTEOS","article_publisher":"https:\/\/www.linkedin.com\/company\/26433823\/","article_modified_time":"2025-01-21T14:19:18+00:00","og_image":[{"url":"https:\/\/www.arkteos.com\/wp-content\/uploads\/2025\/01\/Bandeau_Environnement-1024x120.png","type":"","width":"","height":""}],"twitter_card":"summary_large_image","twitter_misc":{"Dur\u00e9e de lecture estim\u00e9e":"4 minutes"},"schema":{"@context":"https:\/\/schema.org","@graph":[{"@type":"WebPage","@id":"https:\/\/www.arkteos.com\/index.php\/accueil\/accueil__trashed\/rse\/","url":"https:\/\/www.arkteos.com\/index.php\/accueil\/accueil__trashed\/rse\/","name":"RSE - ARKTEOS","isPartOf":{"@id":"https:\/\/www.arkteos.com\/#website"},"primaryImageOfPage":{"@id":"https:\/\/www.arkteos.com\/index.php\/accueil\/accueil__trashed\/rse\/#primaryimage"},"image":{"@id":"https:\/\/www.arkteos.com\/index.php\/accueil\/accueil__trashed\/rse\/#primaryimage"},"thumbnailUrl":"https:\/\/www.arkteos.com\/wp-content\/uploads\/2025\/01\/Bandeau_Environnement-1024x120.png","datePublished":"2025-01-14T16:03:26+00:00","dateModified":"2025-01-21T14:19:18+00:00","breadcrumb":{"@id":"https:\/\/www.arkteos.com\/index.php\/accueil\/accueil__trashed\/rse\/#breadcrumb"},"inLanguage":"fr-FR","potentialAction":[{"@type":"ReadAction","target":["https:\/\/www.arkteos.com\/index.php\/accueil\/accueil__trashed\/rse\/"]}]},{"@type":"ImageObject","inLanguage":"fr-FR","@id":"https:\/\/www.arkteos.com\/index.php\/accueil\/accueil__trashed\/rse\/#primaryimage","url":"https:\/\/www.arkteos.com\/wp-content\/uploads\/2025\/01\/Bandeau_Environnement.png","contentUrl":"https:\/\/www.arkteos.com\/wp-content\/uploads\/2025\/01\/Bandeau_Environnement.png","width":2667,"height":313},{"@type":"BreadcrumbList","@id":"https:\/\/www.arkteos.com\/index.php\/accueil\/accueil__trashed\/rse\/#breadcrumb","itemListElement":[{"@type":"ListItem","position":1,"name":"Accueil","item":"https:\/\/www.arkteos.com\/"},{"@type":"ListItem","position":2,"name":"Accueil","item":"https:\/\/www.arkteos.com\/"},{"@type":"ListItem","position":3,"name":"RSE"}]},{"@type":"WebSite","@id":"https:\/\/www.arkteos.com\/#website","url":"https:\/\/www.arkteos.com\/","name":"ARKTEOS","description":"FABRICANT FRANCAIS DE POMPE A CHALEUR","publisher":{"@id":"https:\/\/www.arkteos.com\/#organization"},"potentialAction":[{"@type":"SearchAction","target":{"@type":"EntryPoint","urlTemplate":"https:\/\/www.arkteos.com\/?s={search_term_string}"},"query-input":{"@type":"PropertyValueSpecification","valueRequired":true,"valueName":"search_term_string"}}],"inLanguage":"fr-FR"},{"@type":"Organization","@id":"https:\/\/www.arkteos.com\/#organization","name":"ARKTEOS","url":"https:\/\/www.arkteos.com\/","logo":{"@type":"ImageObject","inLanguage":"fr-FR","@id":"https:\/\/www.arkteos.com\/#\/schema\/logo\/image\/","url":"https:\/\/www.arkteos.com\/wp-content\/uploads\/2025\/09\/cropped-Logo_Arkteos_03.png","contentUrl":"https:\/\/www.arkteos.com\/wp-content\/uploads\/2025\/09\/cropped-Logo_Arkteos_03.png","width":400,"height":200,"caption":"ARKTEOS"},"image":{"@id":"https:\/\/www.arkteos.com\/#\/schema\/logo\/image\/"},"sameAs":["https:\/\/www.linkedin.com\/company\/26433823\/"]}]}},"_links":{"self":[{"href":"https:\/\/www.arkteos.com\/index.php\/wp-json\/wp\/v2\/pages\/4541","targetHints":{"allow":["GET"]}}],"collection":[{"href":"https:\/\/www.arkteos.com\/index.php\/wp-json\/wp\/v2\/pages"}],"about":[{"href":"https:\/\/www.arkteos.com\/index.php\/wp-json\/wp\/v2\/types\/page"}],"author":[{"embeddable":true,"href":"https:\/\/www.arkteos.com\/index.php\/wp-json\/wp\/v2\/users\/1"}],"replies":[{"embeddable":true,"href":"https:\/\/www.arkteos.com\/index.php\/wp-json\/wp\/v2\/comments?post=4541"}],"version-history":[{"count":5,"href":"https:\/\/www.arkteos.com\/index.php\/wp-json\/wp\/v2\/pages\/4541\/revisions"}],"predecessor-version":[{"id":4564,"href":"https:\/\/www.arkteos.com\/index.php\/wp-json\/wp\/v2\/pages\/4541\/revisions\/4564"}],"up":[{"embeddable":true,"href":"https:\/\/www.arkteos.com\/index.php\/wp-json\/wp\/v2\/pages\/4775"}],"wp:attachment":[{"href":"https:\/\/www.arkteos.com\/index.php\/wp-json\/wp\/v2\/media?parent=4541"}],"curies":[{"name":"wp","href":"https:\/\/api.w.org\/{rel}","templated":true}]}}