{"id":3749,"date":"2019-02-27T11:44:22","date_gmt":"2019-02-27T10:44:22","guid":{"rendered":"https:\/\/www.arkteos.com\/?page_id=3749"},"modified":"2026-03-09T15:26:15","modified_gmt":"2026-03-09T14:26:15","slug":"offres-partenaires-prime-energie-edf","status":"publish","type":"page","link":"https:\/\/www.arkteos.com\/index.php\/offres-partenaires-prime-energie-edf\/","title":{"rendered":"Offres Partenaires"},"content":{"rendered":"<div id=\"pl-3749\"  class=\"panel-layout\" ><div id=\"pg-3749-0\"  class=\"panel-grid panel-no-style\" ><div id=\"pgc-3749-0-0\"  class=\"panel-grid-cell panel-grid-cell-empty\" ><\/div><div id=\"pgc-3749-0-1\"  class=\"panel-grid-cell panel-grid-cell-mobile-last\" ><div id=\"panel-3749-0-1-0\" class=\"so-panel widget widget_black-studio-tinymce widget_black_studio_tinymce panel-first-child panel-last-child\" data-index=\"0\" ><div class=\"textwidget\"><h1>PARTENAIRE EDF COUP DE POUCE<\/h1>\n<hr \/>\n<p>Dans le cadre l'<strong>offre coup de pouce<\/strong> et d'un partenariat conclu avec EDF, la soci\u00e9t\u00e9 ARKTEOS accorde un avantage <strong>jusqu\u2019\u00e0 250 \u20acTTC<\/strong> rembours\u00e9s au particulier sur certaines r\u00e9f\u00e9rences de pompes \u00e0 chaleur<sup>(1)<\/sup> en remplacement d'une chaudi\u00e8re individuelle au fioul, au charbon ou au gaz (autre qu'\u00e0 condensation). La pompe \u00e0 chaleur devra \u00eatre install\u00e9e par un <a href=\"https:\/\/www.faire.fr\/trouvez-un-professionnel\">professionnel RGE<\/a>.<\/p>\n<p>Du 01 Janvier<strong> jusqu'au 31 D\u00e9cembre 2026<\/strong>, ARKTEOS &amp; EDF s'associent pour que vous r\u00e9alisiez des \u00e9conomies sur les pompes \u00e0 chaleur ARKTEOS !<\/p>\n<\/div><\/div><\/div><div id=\"pgc-3749-0-2\"  class=\"panel-grid-cell panel-grid-cell-empty\" ><\/div><\/div><div id=\"pg-3749-1\"  class=\"panel-grid panel-no-style\" ><div id=\"pgc-3749-1-0\"  class=\"panel-grid-cell\" ><div id=\"panel-3749-1-0-0\" class=\"so-panel widget widget_sow-image panel-first-child panel-last-child\" data-index=\"1\" ><div\n\t\t\t\n\t\t\tclass=\"so-widget-sow-image so-widget-sow-image-default-8b5b6f678277-3749\"\n\t\t\t\n\t\t>\n<div class=\"sow-image-container\">\n\t\t<img \n\tsrc=\"https:\/\/www.arkteos.com\/wp-content\/uploads\/2025\/01\/EDF-2025-Bandeau_Gamme2.png\" width=\"1771\" height=\"521\" srcset=\"https:\/\/www.arkteos.com\/wp-content\/uploads\/2025\/01\/EDF-2025-Bandeau_Gamme2.png 1771w, https:\/\/www.arkteos.com\/wp-content\/uploads\/2025\/01\/EDF-2025-Bandeau_Gamme2-300x88.png 300w, https:\/\/www.arkteos.com\/wp-content\/uploads\/2025\/01\/EDF-2025-Bandeau_Gamme2-1024x301.png 1024w, https:\/\/www.arkteos.com\/wp-content\/uploads\/2025\/01\/EDF-2025-Bandeau_Gamme2-768x226.png 768w, https:\/\/www.arkteos.com\/wp-content\/uploads\/2025\/01\/EDF-2025-Bandeau_Gamme2-1536x452.png 1536w\" sizes=\"(max-width: 1771px) 100vw, 1771px\" title=\"EDF 2025 &#8211; Bandeau_Gamme(2)\" alt=\"\" \t\tclass=\"so-widget-image\"\/>\n\t<\/div>\n\n<\/div><\/div><\/div><\/div><div id=\"pg-3749-2\"  class=\"panel-grid panel-no-style\" ><div id=\"pgc-3749-2-0\"  class=\"panel-grid-cell panel-grid-cell-empty\" ><\/div><div id=\"pgc-3749-2-1\"  class=\"panel-grid-cell panel-grid-cell-mobile-last\" ><div id=\"panel-3749-2-1-0\" class=\"so-panel widget widget_sow-button panel-first-child panel-last-child\" data-index=\"2\" ><div\n\t\t\t\n\t\t\tclass=\"so-widget-sow-button so-widget-sow-button-flat-13caa53f355e-3749\"\n\t\t\t\n\t\t><div class=\"ow-button-base ow-button-align-justify\"\n style=\"display: block;\">\n\t\t\t<a\n\t\t\t\t\thref=\"https:\/\/drive.google.com\/file\/d\/1MWowp5_ZWvF11Hx1n7f9fuiJJ4TGk_63\/view?usp=sharing\"\n\t\t\t\t\tclass=\"sowb-button ow-icon-placement-left ow-button-hover\" \t>\n\t\t<span>\n\t\t\t<span class=\"sow-icon-fontawesome sow-far\" data-sow-icon=\"&#xf358;\"\n\t\tstyle=\"\" \n\t\taria-hidden=\"true\"><\/span>\n\t\t\tT\u00e9l\u00e9charger le coupon de l'offre 2026\t\t<\/span>\n\t\t\t<\/a>\n\t<\/div>\n<\/div><\/div><\/div><div id=\"pgc-3749-2-2\"  class=\"panel-grid-cell panel-grid-cell-empty\" ><\/div><\/div><div id=\"pg-3749-3\"  class=\"panel-grid panel-no-style\" ><div id=\"pgc-3749-3-0\"  class=\"panel-grid-cell panel-grid-cell-empty\" ><\/div><div id=\"pgc-3749-3-1\"  class=\"panel-grid-cell panel-grid-cell-mobile-last\" ><div id=\"panel-3749-3-1-0\" class=\"so-panel widget widget_black-studio-tinymce widget_black_studio_tinymce panel-first-child panel-last-child\" data-index=\"3\" ><div class=\"textwidget\"><p>(1) <span class=\"\"><strong>Pour obtenir le remboursement de l\u2019avantage ARKTEOS :<\/strong><\/span><\/p>\n<p>- Inscrivez-vous sur le site <a href=\"http:\/\/www.prime-energie-edf.fr\">www.prime-energie-edf.fr<\/a> <strong>avant la signature de votre devis.<br \/>\n<\/strong><span class=\"\">- Imprimez le coupon de remboursement de l'offre concern\u00e9e (d\u00fbment rempli)<br \/>\n- Imprimez une copie de la facture d\u2019installation portant clairement la mention des r\u00e9f\u00e9rences des solutions ARKTEOS (dat\u00e9e entre le 01\/01\/2026 et 31\/12\/2026)<br \/>\n- Imprimez une copie du certificat de mise en service par l\u2019installateur ou la STA (Soci\u00e9t\u00e9 Technique agr\u00e9\u00e9e)<br \/>\n- Imprimez <\/span><strong>la preuve d\u2019inscription sur le site Prime \u00e9nergie d\u2019EDF \"le Cadre Contribution\"<\/strong><span class=\"\">\u00a0(qui remplace la lettre d\u2019engagement d\u2019EDF)<br \/>\n- Imprimez un Relev\u00e9 d\u2019Identit\u00e9 Bancaire (o\u00f9 figure votre IBAN BIC complet)<br \/>\n- Renvoyez le tout au plus tard le 15 janvier 2027 (le cachet de La Poste faisant foi) \u00e0 l\u2019adresse suivante :<br \/>\n<\/span><\/p>\n<div id=\"pg-11707-8\" class=\"panel-grid panel-no-style\">\n<div id=\"pgc-11707-8-0\" class=\"panel-grid-cell\">\n<div id=\"panel-11707-8-0-0\" class=\"so-panel widget widget_sow-editor panel-first-child panel-last-child\" data-index=\"18\">\n<div class=\"so-widget-sow-editor so-widget-sow-editor-base\">\n<div class=\"siteorigin-widget-tinymce textwidget\">\n<p><span class=\"\"><strong>Soci\u00e9t\u00e9 ARKTEOS - Op\u00e9ration Prime EDF 2026<\/strong><br \/>\n<strong>3, Route de la Croix Moriau<\/strong><br \/>\n<strong>44350 GUERANDE<br \/>\n<\/strong><\/span><\/p>\n<p><em>Offre r\u00e9serv\u00e9e aux particuliers majeurs r\u00e9sidant en France M\u00e9tropolitaine, limit\u00e9e \u00e0 un remboursement par personne, m\u00eame nom, m\u00eame pr\u00e9nom, m\u00eame adresse et\/ou m\u00eame IBAN BIC et non cumulable avec les autres op\u00e9rations commerciales en cours.<\/em><br \/>\n<em>Aucune r\u00e9clamation ne sera prise en compte au-del\u00e0 du 01 mars 2027. D\u00e9lai de remboursement : 6 \u00e0 8 semaines \u00e0 compter de la date de r\u00e9ception du dossier conforme.<\/em><\/div>\n<\/div>\n<\/div>\n<\/div>\n<\/div>\n<\/div><\/div><\/div><div id=\"pgc-3749-3-2\"  class=\"panel-grid-cell panel-grid-cell-empty\" ><\/div><\/div><\/div>","protected":false},"excerpt":{"rendered":"<p>PARTENAIRE EDF COUP DE POUCE Dans le cadre l&rsquo;offre coup de pouce et d&rsquo;un partenariat conclu avec EDF, la soci\u00e9t\u00e9 ARKTEOS accorde un avantage jusqu\u2019\u00e0 250 \u20acTTC rembours\u00e9s au particulier sur certaines r\u00e9f\u00e9rences de pompes \u00e0 chaleur(1) en remplacement d&rsquo;une chaudi\u00e8re individuelle au fioul, au charbon ou au gaz (autre qu&rsquo;\u00e0 condensation). La pompe \u00e0 [&hellip;]<\/p>\n","protected":false},"author":1,"featured_media":0,"parent":0,"menu_order":0,"comment_status":"closed","ping_status":"closed","template":"","meta":{"_acf_changed":false,"_exactmetrics_skip_tracking":false,"_exactmetrics_sitenote_active":false,"_exactmetrics_sitenote_note":"","_exactmetrics_sitenote_category":0,"footnotes":""},"class_list":["post-3749","page","type-page","status-publish","hentry","post"],"acf":[],"yoast_head":"<!-- This site is optimized with the Yoast SEO plugin v26.0 - https:\/\/yoast.com\/wordpress\/plugins\/seo\/ -->\n<title>Offres Partenaires - ARKTEOS<\/title>\n<meta name=\"robots\" content=\"noindex, follow\" \/>\n<meta property=\"og:locale\" content=\"fr_FR\" \/>\n<meta property=\"og:type\" content=\"article\" \/>\n<meta property=\"og:title\" content=\"Offres Partenaires - ARKTEOS\" \/>\n<meta property=\"og:description\" content=\"PARTENAIRE EDF COUP DE POUCE Dans le cadre l&#039;offre coup de pouce et d&#039;un partenariat conclu avec EDF, la soci\u00e9t\u00e9 ARKTEOS accorde un avantage jusqu\u2019\u00e0 250 \u20acTTC rembours\u00e9s au particulier sur certaines r\u00e9f\u00e9rences de pompes \u00e0 chaleur(1) en remplacement d&#039;une chaudi\u00e8re individuelle au fioul, au charbon ou au gaz (autre qu&#039;\u00e0 condensation). La pompe \u00e0 [&hellip;]\" \/>\n<meta property=\"og:url\" content=\"https:\/\/www.arkteos.com\/index.php\/offres-partenaires-prime-energie-edf\/\" \/>\n<meta property=\"og:site_name\" content=\"ARKTEOS\" \/>\n<meta property=\"article:publisher\" content=\"https:\/\/www.linkedin.com\/company\/26433823\/\" \/>\n<meta property=\"article:modified_time\" content=\"2026-03-09T14:26:15+00:00\" \/>\n<meta name=\"twitter:card\" content=\"summary_large_image\" \/>\n<meta name=\"twitter:label1\" content=\"Dur\u00e9e de lecture estim\u00e9e\" \/>\n\t<meta name=\"twitter:data1\" content=\"2 minutes\" \/>\n<script type=\"application\/ld+json\" class=\"yoast-schema-graph\">{\"@context\":\"https:\/\/schema.org\",\"@graph\":[{\"@type\":\"WebPage\",\"@id\":\"https:\/\/www.arkteos.com\/index.php\/offres-partenaires-prime-energie-edf\/\",\"url\":\"https:\/\/www.arkteos.com\/index.php\/offres-partenaires-prime-energie-edf\/\",\"name\":\"Offres Partenaires - ARKTEOS\",\"isPartOf\":{\"@id\":\"https:\/\/www.arkteos.com\/#website\"},\"datePublished\":\"2019-02-27T10:44:22+00:00\",\"dateModified\":\"2026-03-09T14:26:15+00:00\",\"breadcrumb\":{\"@id\":\"https:\/\/www.arkteos.com\/index.php\/offres-partenaires-prime-energie-edf\/#breadcrumb\"},\"inLanguage\":\"fr-FR\",\"potentialAction\":[{\"@type\":\"ReadAction\",\"target\":[\"https:\/\/www.arkteos.com\/index.php\/offres-partenaires-prime-energie-edf\/\"]}]},{\"@type\":\"BreadcrumbList\",\"@id\":\"https:\/\/www.arkteos.com\/index.php\/offres-partenaires-prime-energie-edf\/#breadcrumb\",\"itemListElement\":[{\"@type\":\"ListItem\",\"position\":1,\"name\":\"Accueil\",\"item\":\"https:\/\/www.arkteos.com\/\"},{\"@type\":\"ListItem\",\"position\":2,\"name\":\"Offres Partenaires\"}]},{\"@type\":\"WebSite\",\"@id\":\"https:\/\/www.arkteos.com\/#website\",\"url\":\"https:\/\/www.arkteos.com\/\",\"name\":\"ARKTEOS\",\"description\":\"FABRICANT FRANCAIS DE POMPE A CHALEUR\",\"publisher\":{\"@id\":\"https:\/\/www.arkteos.com\/#organization\"},\"potentialAction\":[{\"@type\":\"SearchAction\",\"target\":{\"@type\":\"EntryPoint\",\"urlTemplate\":\"https:\/\/www.arkteos.com\/?s={search_term_string}\"},\"query-input\":{\"@type\":\"PropertyValueSpecification\",\"valueRequired\":true,\"valueName\":\"search_term_string\"}}],\"inLanguage\":\"fr-FR\"},{\"@type\":\"Organization\",\"@id\":\"https:\/\/www.arkteos.com\/#organization\",\"name\":\"ARKTEOS\",\"url\":\"https:\/\/www.arkteos.com\/\",\"logo\":{\"@type\":\"ImageObject\",\"inLanguage\":\"fr-FR\",\"@id\":\"https:\/\/www.arkteos.com\/#\/schema\/logo\/image\/\",\"url\":\"https:\/\/www.arkteos.com\/wp-content\/uploads\/2025\/09\/cropped-Logo_Arkteos_03.png\",\"contentUrl\":\"https:\/\/www.arkteos.com\/wp-content\/uploads\/2025\/09\/cropped-Logo_Arkteos_03.png\",\"width\":400,\"height\":200,\"caption\":\"ARKTEOS\"},\"image\":{\"@id\":\"https:\/\/www.arkteos.com\/#\/schema\/logo\/image\/\"},\"sameAs\":[\"https:\/\/www.linkedin.com\/company\/26433823\/\"]}]}<\/script>\n<!-- \/ Yoast SEO plugin. -->","yoast_head_json":{"title":"Offres Partenaires - ARKTEOS","robots":{"index":"noindex","follow":"follow"},"og_locale":"fr_FR","og_type":"article","og_title":"Offres Partenaires - ARKTEOS","og_description":"PARTENAIRE EDF COUP DE POUCE Dans le cadre l'offre coup de pouce et d'un partenariat conclu avec EDF, la soci\u00e9t\u00e9 ARKTEOS accorde un avantage jusqu\u2019\u00e0 250 \u20acTTC rembours\u00e9s au particulier sur certaines r\u00e9f\u00e9rences de pompes \u00e0 chaleur(1) en remplacement d'une chaudi\u00e8re individuelle au fioul, au charbon ou au gaz (autre qu'\u00e0 condensation). La pompe \u00e0 [&hellip;]","og_url":"https:\/\/www.arkteos.com\/index.php\/offres-partenaires-prime-energie-edf\/","og_site_name":"ARKTEOS","article_publisher":"https:\/\/www.linkedin.com\/company\/26433823\/","article_modified_time":"2026-03-09T14:26:15+00:00","twitter_card":"summary_large_image","twitter_misc":{"Dur\u00e9e de lecture estim\u00e9e":"2 minutes"},"schema":{"@context":"https:\/\/schema.org","@graph":[{"@type":"WebPage","@id":"https:\/\/www.arkteos.com\/index.php\/offres-partenaires-prime-energie-edf\/","url":"https:\/\/www.arkteos.com\/index.php\/offres-partenaires-prime-energie-edf\/","name":"Offres Partenaires - ARKTEOS","isPartOf":{"@id":"https:\/\/www.arkteos.com\/#website"},"datePublished":"2019-02-27T10:44:22+00:00","dateModified":"2026-03-09T14:26:15+00:00","breadcrumb":{"@id":"https:\/\/www.arkteos.com\/index.php\/offres-partenaires-prime-energie-edf\/#breadcrumb"},"inLanguage":"fr-FR","potentialAction":[{"@type":"ReadAction","target":["https:\/\/www.arkteos.com\/index.php\/offres-partenaires-prime-energie-edf\/"]}]},{"@type":"BreadcrumbList","@id":"https:\/\/www.arkteos.com\/index.php\/offres-partenaires-prime-energie-edf\/#breadcrumb","itemListElement":[{"@type":"ListItem","position":1,"name":"Accueil","item":"https:\/\/www.arkteos.com\/"},{"@type":"ListItem","position":2,"name":"Offres Partenaires"}]},{"@type":"WebSite","@id":"https:\/\/www.arkteos.com\/#website","url":"https:\/\/www.arkteos.com\/","name":"ARKTEOS","description":"FABRICANT FRANCAIS DE POMPE A CHALEUR","publisher":{"@id":"https:\/\/www.arkteos.com\/#organization"},"potentialAction":[{"@type":"SearchAction","target":{"@type":"EntryPoint","urlTemplate":"https:\/\/www.arkteos.com\/?s={search_term_string}"},"query-input":{"@type":"PropertyValueSpecification","valueRequired":true,"valueName":"search_term_string"}}],"inLanguage":"fr-FR"},{"@type":"Organization","@id":"https:\/\/www.arkteos.com\/#organization","name":"ARKTEOS","url":"https:\/\/www.arkteos.com\/","logo":{"@type":"ImageObject","inLanguage":"fr-FR","@id":"https:\/\/www.arkteos.com\/#\/schema\/logo\/image\/","url":"https:\/\/www.arkteos.com\/wp-content\/uploads\/2025\/09\/cropped-Logo_Arkteos_03.png","contentUrl":"https:\/\/www.arkteos.com\/wp-content\/uploads\/2025\/09\/cropped-Logo_Arkteos_03.png","width":400,"height":200,"caption":"ARKTEOS"},"image":{"@id":"https:\/\/www.arkteos.com\/#\/schema\/logo\/image\/"},"sameAs":["https:\/\/www.linkedin.com\/company\/26433823\/"]}]}},"_links":{"self":[{"href":"https:\/\/www.arkteos.com\/index.php\/wp-json\/wp\/v2\/pages\/3749","targetHints":{"allow":["GET"]}}],"collection":[{"href":"https:\/\/www.arkteos.com\/index.php\/wp-json\/wp\/v2\/pages"}],"about":[{"href":"https:\/\/www.arkteos.com\/index.php\/wp-json\/wp\/v2\/types\/page"}],"author":[{"embeddable":true,"href":"https:\/\/www.arkteos.com\/index.php\/wp-json\/wp\/v2\/users\/1"}],"replies":[{"embeddable":true,"href":"https:\/\/www.arkteos.com\/index.php\/wp-json\/wp\/v2\/comments?post=3749"}],"version-history":[{"count":6,"href":"https:\/\/www.arkteos.com\/index.php\/wp-json\/wp\/v2\/pages\/3749\/revisions"}],"predecessor-version":[{"id":5226,"href":"https:\/\/www.arkteos.com\/index.php\/wp-json\/wp\/v2\/pages\/3749\/revisions\/5226"}],"wp:attachment":[{"href":"https:\/\/www.arkteos.com\/index.php\/wp-json\/wp\/v2\/media?parent=3749"}],"curies":[{"name":"wp","href":"https:\/\/api.w.org\/{rel}","templated":true}]}}